{"id":2479,"date":"2017-01-23T15:08:39","date_gmt":"2017-01-23T14:08:39","guid":{"rendered":"https:\/\/fristerhof.com\/?page_id=2479"},"modified":"2018-07-14T13:22:44","modified_gmt":"2018-07-14T11:22:44","slug":"vakantiehuis-fristerhof-omgeving","status":"publish","type":"page","link":"https:\/\/fristerhof.com\/de\/vakantiehuis-fristerhof-omgeving\/","title":{"rendered":"Landschaft"},"content":{"rendered":"<div class=\"wpb-content-wrapper\"><div data-vc-full-width=\"true\" data-vc-full-width-init=\"false\" class=\"vc_row wpb_row vc_row-fluid vc_custom_1442754615648\"><div class=\"wpb_column vc_column_container vc_col-sm-12\"><div class=\"vc_column-inner\"><div class=\"wpb_wrapper\"><h2 class=\"calluna-heading calluna-heading-single-line text-align-left\" ><span>Bereich<\/span><\/h2>\n\t<div class=\"wpb_text_column wpb_content_element\" >\n\t\t<div class=\"wpb_wrapper\">\n\t\t\t<p>Bei einem Besuch im Fristerhof empfehlen wir Ihnen, die Umgebung zu erkunden. Gehen Sie spazieren, machen Sie eine sch\u00f6ne Radtour durch das sch\u00f6ne Millingerwaard oder gehen Sie f\u00fcr einen Einkaufstag in die immer angenehme Kleve oder Nijmegen.<\/p>\n<p>Suchen Sie etwas f\u00fcr die Kinder? Dann besuchen Sie den Zoo, das Maislabyrinth oder das Wunderland Kalkar.<\/p>\n<p>Auf Anfrage stellen wir Ihnen alle notwendigen Informationen, Wander- und Radwege zur Verf\u00fcgung und teilen Ihnen mit, wo Sie g\u00fcnstig Fahrr\u00e4der mieten k\u00f6nnen.<\/p>\n\n\t\t<\/div>\n\t<\/div>\n<\/div><\/div><\/div><\/div><div class=\"vc_row-full-width vc_clearfix\"><\/div><div data-vc-full-width=\"true\" data-vc-full-width-init=\"false\" data-vc-stretch-content=\"true\" class=\"vc_row wpb_row vc_row-fluid vc_custom_1486235954762 vc_row-has-fill vc_row-no-padding\">\t\t<div class=\"wpb_column vc_column_container vc_col-sm-6\"><div class=\"vc_column-inner\"><div class=\"wpb_wrapper\">        <div class=\"image-gallery\">\n                <div id=\"69f42f0d49794-carousel\" class=\"carousel slide\" data-ride=\"carousel\">\n                \t                                        \t<div class=\"carousel-inner\">\n\t\t\t\t\t\t\t\t\t\t\t\t\t\t\t\t\t                                    <div class=\"item active\">\n\t\t\t\t\t\t\t\t\t\t\t\t\t\t\t\t\t\t\t\t\t<!-- Image -->\n\t\t\t\t\t\t\t\t\t\t\t<img loading=\"lazy\" decoding=\"async\" width=\"3798\" height=\"2855\" src=\"https:\/\/fristerhof.com\/wp-content\/uploads\/2017\/02\/20160726_121800-e1491739050949.jpg\" class=\"attachment-full size-full\" alt=\"\" srcset=\"https:\/\/fristerhof.com\/wp-content\/uploads\/2017\/02\/20160726_121800-e1491739050949.jpg 3798w, https:\/\/fristerhof.com\/wp-content\/uploads\/2017\/02\/20160726_121800-e1491739050949-300x226.jpg 300w, https:\/\/fristerhof.com\/wp-content\/uploads\/2017\/02\/20160726_121800-e1491739050949-768x577.jpg 768w, https:\/\/fristerhof.com\/wp-content\/uploads\/2017\/02\/20160726_121800-e1491739050949-1024x770.jpg 1024w\" sizes=\"auto, (max-width: 3798px) 100vw, 3798px\" \/>\t\t\t\t\t\t\t\t\t\t\t\t\t\t\t\t\t\t\t\t\t\t\t\t\t\t\t\t\t\t                                    <\/div>\n                                    \n\t\t\t\t\t\t\t\t\t\t\t\t\t\t\t\t\t                                    <div class=\"item\">\n\t\t\t\t\t\t\t\t\t\t\t\t\t\t\t\t\t\t\t\t\t<!-- Image -->\n\t\t\t\t\t\t\t\t\t\t\t<img loading=\"lazy\" decoding=\"async\" width=\"3466\" height=\"2602\" src=\"https:\/\/fristerhof.com\/wp-content\/uploads\/2017\/02\/20160726_122728-e1491739144125.jpg\" class=\"attachment-full size-full\" alt=\"\" srcset=\"https:\/\/fristerhof.com\/wp-content\/uploads\/2017\/02\/20160726_122728-e1491739144125.jpg 3466w, https:\/\/fristerhof.com\/wp-content\/uploads\/2017\/02\/20160726_122728-e1491739144125-300x225.jpg 300w, https:\/\/fristerhof.com\/wp-content\/uploads\/2017\/02\/20160726_122728-e1491739144125-768x577.jpg 768w, https:\/\/fristerhof.com\/wp-content\/uploads\/2017\/02\/20160726_122728-e1491739144125-1024x769.jpg 1024w\" sizes=\"auto, (max-width: 3466px) 100vw, 3466px\" \/>\t\t\t\t\t\t\t\t\t\t\t\t\t\t\t\t\t\t\t\t\t\t\t\t\t\t\t\t\t\t                                    <\/div>\n                                    \n\t\t\t\t\t\t\t\t\t\t\t\t\t\t\t\t\t                                    <div class=\"item\">\n\t\t\t\t\t\t\t\t\t\t\t\t\t\t\t\t\t\t\t\t\t<!-- Image -->\n\t\t\t\t\t\t\t\t\t\t\t<img loading=\"lazy\" decoding=\"async\" width=\"3532\" height=\"2656\" src=\"https:\/\/fristerhof.com\/wp-content\/uploads\/2017\/02\/20160726_124030-e1491739283374.jpg\" class=\"attachment-full size-full\" alt=\"\" srcset=\"https:\/\/fristerhof.com\/wp-content\/uploads\/2017\/02\/20160726_124030-e1491739283374.jpg 3532w, https:\/\/fristerhof.com\/wp-content\/uploads\/2017\/02\/20160726_124030-e1491739283374-300x226.jpg 300w, https:\/\/fristerhof.com\/wp-content\/uploads\/2017\/02\/20160726_124030-e1491739283374-768x578.jpg 768w, https:\/\/fristerhof.com\/wp-content\/uploads\/2017\/02\/20160726_124030-e1491739283374-1024x770.jpg 1024w\" sizes=\"auto, (max-width: 3532px) 100vw, 3532px\" \/>\t\t\t\t\t\t\t\t\t\t\t\t\t\t\t\t\t\t\t\t\t\t\t\t\t\t\t\t\t\t                                    <\/div>\n                                    \n\t\t\t\t\t\t\t\t\t\t\t\t\t\t\t\t                         <\/div>\n                         <div class=\"gallery_button_wrapper\">\n                        <a class=\"left carousel-control\" href=\"#69f42f0d49794-carousel\" data-slide=\"prev\">\n                        <span class=\"icon-left\"><\/span>\n                    <\/a>\n                    <\/div>\n                    <div class=\"gallery_button_wrapper\">\n                        <a class=\"right carousel-control\" href=\"#69f42f0d49794-carousel\" data-slide=\"next\">\n                        <span class=\"icon-right\"><\/span>\n                    <\/a>\n                    <\/div>\n\t\t\t\t\t\t                    \n               <\/div>\n\t  \t\t  <\/div>\n\t\t\n\t\t<\/div><\/div><\/div><div class=\"wpb_column vc_column_container vc_col-sm-6\"><div class=\"vc_column-inner vc_custom_1487417480209\"><div class=\"wpb_wrapper\">\n\t<div class=\"wpb_text_column wpb_content_element wpb_animate_when_almost_visible wpb_top-to-bottom top-to-bottom\" >\n\t\t<div class=\"wpb_wrapper\">\n\t\t\t<h2 style=\"color: #ffffff; text-align: left;\">Natur<\/h2>\n<p style=\"color: #ffffff;\">Entspannen Sie sich in einem der sch\u00f6nsten Naturst\u00fccke der Niederlande, dem Millingerwaard. Gro\u00dfe Herden von Galloway-Rindern und Konik-Pferden bewegen sich hier frei herum. Als Naturliebhaber werden Sie sich hier sicher am\u00fcsieren!<\/p>\n\n\t\t<\/div>\n\t<\/div>\n<\/div><\/div><\/div><\/div><div class=\"vc_row-full-width vc_clearfix\"><\/div><div data-vc-full-width=\"true\" data-vc-full-width-init=\"false\" data-vc-stretch-content=\"true\" class=\"vc_row wpb_row vc_row-fluid vc_custom_1487417584811 vc_row-has-fill vc_row-no-padding\"><div class=\"wpb_column vc_column_container vc_col-sm-6\"><div class=\"vc_column-inner vc_custom_1485349326493\"><div class=\"wpb_wrapper\">\n\t<div class=\"wpb_text_column wpb_content_element wpb_animate_when_almost_visible wpb_top-to-bottom top-to-bottom\" >\n\t\t<div class=\"wpb_wrapper\">\n\t\t\t<h2 style=\"color: #016532;\">Ausfl\u00fcge<\/h2>\n<p>Neben der wundersch\u00f6nen Natur gibt es in der Umgebung viele Aktivit\u00e4ten.<\/p>\n<ul>\n<li>Besuche den <a title=\"Fristerhof Ferienhaus Millingertheetuin\" href=\"http:\/\/www.millingertheetuin.nl\/\">Millinger Teegarten<\/a> f\u00fcr ein sch\u00f6nes Mittagessen.<\/li>\n<li>Gehen Sie mit den Kindern aus, indem Sie die besuchen <a title=\"Fristerhof Ferienhaus Zoo\" href=\"http:\/\/www.tiergarten-kleve.de\/index.php?lang=nl-NL\">Zoo in Kleve<\/a>, das Maislabyrinth oder besuchen Sie den Vergn\u00fcgungspark <a href=\"https:\/\/www.wunderlandkalkar.eu\/\">Wunderland Kalkar<\/a>.<\/li>\n<li>F\u00fcr einen Einkaufstag k\u00f6nnen Sie nach Kleve oder Nijmegen fahren. Diese St\u00e4dte garantieren Ihnen einen angenehmen Tag.<\/li>\n<\/ul>\n\n\t\t<\/div>\n\t<\/div>\n<\/div><\/div><\/div>\t\t<div class=\"wpb_column vc_column_container vc_col-sm-6\"><div class=\"vc_column-inner\"><div class=\"wpb_wrapper\">        <div class=\"image-gallery\">\n                <div id=\"69f42f0d4b2b0-carousel\" class=\"carousel slide\" data-ride=\"carousel\">\n                \t                                        \t<div class=\"carousel-inner\">\n\t\t\t\t\t\t\t\t\t\t\t\t\t\t\t\t\t                                    <div class=\"item active\">\n\t\t\t\t\t\t\t\t\t\t\t\t\t\t\t\t\t\t\t\t\t<!-- Image -->\n\t\t\t\t\t\t\t\t\t\t\t<img loading=\"lazy\" decoding=\"async\" width=\"3532\" height=\"2656\" src=\"https:\/\/fristerhof.com\/wp-content\/uploads\/2017\/02\/20160726_122204-e1491739114265.jpg\" class=\"attachment-full size-full\" alt=\"\" srcset=\"https:\/\/fristerhof.com\/wp-content\/uploads\/2017\/02\/20160726_122204-e1491739114265.jpg 3532w, https:\/\/fristerhof.com\/wp-content\/uploads\/2017\/02\/20160726_122204-e1491739114265-300x226.jpg 300w, https:\/\/fristerhof.com\/wp-content\/uploads\/2017\/02\/20160726_122204-e1491739114265-768x578.jpg 768w, https:\/\/fristerhof.com\/wp-content\/uploads\/2017\/02\/20160726_122204-e1491739114265-1024x770.jpg 1024w\" sizes=\"auto, (max-width: 3532px) 100vw, 3532px\" \/>\t\t\t\t\t\t\t\t\t\t\t\t\t\t\t\t\t\t\t\t\t\t\t\t\t\t\t\t\t\t                                    <\/div>\n                                    \n\t\t\t\t\t\t\t\t\t\t\t\t\t\t\t\t\t                                    <div class=\"item\">\n\t\t\t\t\t\t\t\t\t\t\t\t\t\t\t\t\t\t\t\t\t<!-- Image -->\n\t\t\t\t\t\t\t\t\t\t\t<img loading=\"lazy\" decoding=\"async\" width=\"3891\" height=\"2921\" src=\"https:\/\/fristerhof.com\/wp-content\/uploads\/2017\/02\/20160726_125332-e1491739314281.jpg\" class=\"attachment-full size-full\" alt=\"\" srcset=\"https:\/\/fristerhof.com\/wp-content\/uploads\/2017\/02\/20160726_125332-e1491739314281.jpg 3891w, https:\/\/fristerhof.com\/wp-content\/uploads\/2017\/02\/20160726_125332-e1491739314281-300x225.jpg 300w, https:\/\/fristerhof.com\/wp-content\/uploads\/2017\/02\/20160726_125332-e1491739314281-768x577.jpg 768w, https:\/\/fristerhof.com\/wp-content\/uploads\/2017\/02\/20160726_125332-e1491739314281-1024x769.jpg 1024w\" sizes=\"auto, (max-width: 3891px) 100vw, 3891px\" \/>\t\t\t\t\t\t\t\t\t\t\t\t\t\t\t\t\t\t\t\t\t\t\t\t\t\t\t\t\t\t                                    <\/div>\n                                    \n\t\t\t\t\t\t\t\t\t\t\t\t\t\t\t\t\t                                    <div class=\"item\">\n\t\t\t\t\t\t\t\t\t\t\t\t\t\t\t\t\t\t\t\t\t<!-- Image -->\n\t\t\t\t\t\t\t\t\t\t\t<img loading=\"lazy\" decoding=\"async\" width=\"3837\" height=\"2881\" src=\"https:\/\/fristerhof.com\/wp-content\/uploads\/2017\/02\/20160726_121706-e1491738983524.jpg\" class=\"attachment-full size-full\" alt=\"\" srcset=\"https:\/\/fristerhof.com\/wp-content\/uploads\/2017\/02\/20160726_121706-e1491738983524.jpg 3837w, https:\/\/fristerhof.com\/wp-content\/uploads\/2017\/02\/20160726_121706-e1491738983524-300x225.jpg 300w, https:\/\/fristerhof.com\/wp-content\/uploads\/2017\/02\/20160726_121706-e1491738983524-768x577.jpg 768w, https:\/\/fristerhof.com\/wp-content\/uploads\/2017\/02\/20160726_121706-e1491738983524-1024x769.jpg 1024w\" sizes=\"auto, (max-width: 3837px) 100vw, 3837px\" \/>\t\t\t\t\t\t\t\t\t\t\t\t\t\t\t\t\t\t\t\t\t\t\t\t\t\t\t\t\t\t                                    <\/div>\n                                    \n\t\t\t\t\t\t\t\t\t\t\t\t\t\t\t\t                         <\/div>\n                         <div class=\"gallery_button_wrapper\">\n                        <a class=\"left carousel-control\" href=\"#69f42f0d4b2b0-carousel\" data-slide=\"prev\">\n                        <span class=\"icon-left\"><\/span>\n                    <\/a>\n                    <\/div>\n                    <div class=\"gallery_button_wrapper\">\n                        <a class=\"right carousel-control\" href=\"#69f42f0d4b2b0-carousel\" data-slide=\"next\">\n                        <span class=\"icon-right\"><\/span>\n                    <\/a>\n                    <\/div>\n\t\t\t\t\t\t                    \n               <\/div>\n\t  \t\t  <\/div>\n\t\t\n\t\t<\/div><\/div><\/div><\/div><div class=\"vc_row-full-width vc_clearfix\"><\/div><div data-vc-full-width=\"true\" data-vc-full-width-init=\"false\" data-vc-stretch-content=\"true\" class=\"vc_row wpb_row vc_row-fluid vc_custom_1487417599590 vc_row-has-fill vc_row-no-padding\">\t\t<div class=\"wpb_column vc_column_container vc_col-sm-6\"><div class=\"vc_column-inner\"><div class=\"wpb_wrapper\">        <div class=\"image-gallery\">\n                <div id=\"69f42f0d4d513-carousel\" class=\"carousel slide\" data-ride=\"carousel\">\n                \t                                        \t<div class=\"carousel-inner\">\n\t\t\t\t\t\t\t\t\t\t\t\t\t\t\t\t\t                                    <div class=\"item active\">\n\t\t\t\t\t\t\t\t\t\t\t\t\t\t\t\t\t\t\t\t\t<!-- Image -->\n\t\t\t\t\t\t\t\t\t\t\t<img loading=\"lazy\" decoding=\"async\" width=\"3997\" height=\"2988\" src=\"https:\/\/fristerhof.com\/wp-content\/uploads\/2017\/02\/20160726_114027-e1491738849218.jpg\" class=\"attachment-full size-full\" alt=\"\" srcset=\"https:\/\/fristerhof.com\/wp-content\/uploads\/2017\/02\/20160726_114027-e1491738849218.jpg 3997w, https:\/\/fristerhof.com\/wp-content\/uploads\/2017\/02\/20160726_114027-e1491738849218-300x224.jpg 300w, https:\/\/fristerhof.com\/wp-content\/uploads\/2017\/02\/20160726_114027-e1491738849218-768x574.jpg 768w, https:\/\/fristerhof.com\/wp-content\/uploads\/2017\/02\/20160726_114027-e1491738849218-1024x766.jpg 1024w\" sizes=\"auto, (max-width: 3997px) 100vw, 3997px\" \/>\t\t\t\t\t\t\t\t\t\t\t\t\t\t\t\t\t\t\t\t\t\t\t\t\t\t\t\t\t\t                                    <\/div>\n                                    \n\t\t\t\t\t\t\t\t\t\t\t\t\t\t\t\t\t                                    <div class=\"item\">\n\t\t\t\t\t\t\t\t\t\t\t\t\t\t\t\t\t\t\t\t\t<!-- Image -->\n\t\t\t\t\t\t\t\t\t\t\t<img loading=\"lazy\" decoding=\"async\" width=\"3134\" height=\"2350\" src=\"https:\/\/fristerhof.com\/wp-content\/uploads\/2017\/02\/20160726_113346-e1491738721611.jpg\" class=\"attachment-full size-full\" alt=\"\" srcset=\"https:\/\/fristerhof.com\/wp-content\/uploads\/2017\/02\/20160726_113346-e1491738721611.jpg 3134w, https:\/\/fristerhof.com\/wp-content\/uploads\/2017\/02\/20160726_113346-e1491738721611-300x225.jpg 300w, https:\/\/fristerhof.com\/wp-content\/uploads\/2017\/02\/20160726_113346-e1491738721611-768x576.jpg 768w, https:\/\/fristerhof.com\/wp-content\/uploads\/2017\/02\/20160726_113346-e1491738721611-1024x768.jpg 1024w\" sizes=\"auto, (max-width: 3134px) 100vw, 3134px\" \/>\t\t\t\t\t\t\t\t\t\t\t\t\t\t\t\t\t\t\t\t\t\t\t\t\t\t\t\t\t\t                                    <\/div>\n                                    \n\t\t\t\t\t\t\t\t\t\t\t\t\t\t\t\t\t                                    <div class=\"item\">\n\t\t\t\t\t\t\t\t\t\t\t\t\t\t\t\t\t\t\t\t\t<!-- Image -->\n\t\t\t\t\t\t\t\t\t\t\t<img loading=\"lazy\" decoding=\"async\" width=\"4316\" height=\"2934\" src=\"https:\/\/fristerhof.com\/wp-content\/uploads\/2017\/02\/20160726_113719-e1491738815360.jpg\" class=\"attachment-full size-full\" alt=\"\" srcset=\"https:\/\/fristerhof.com\/wp-content\/uploads\/2017\/02\/20160726_113719-e1491738815360.jpg 4316w, https:\/\/fristerhof.com\/wp-content\/uploads\/2017\/02\/20160726_113719-e1491738815360-300x204.jpg 300w, https:\/\/fristerhof.com\/wp-content\/uploads\/2017\/02\/20160726_113719-e1491738815360-768x522.jpg 768w, https:\/\/fristerhof.com\/wp-content\/uploads\/2017\/02\/20160726_113719-e1491738815360-1024x696.jpg 1024w, https:\/\/fristerhof.com\/wp-content\/uploads\/2017\/02\/20160726_113719-e1491738815360-320x218.jpg 320w\" sizes=\"auto, (max-width: 4316px) 100vw, 4316px\" \/>\t\t\t\t\t\t\t\t\t\t\t\t\t\t\t\t\t\t\t\t\t\t\t\t\t\t\t\t\t\t                                    <\/div>\n                                    \n\t\t\t\t\t\t\t\t\t\t\t\t\t\t\t\t                         <\/div>\n                         <div class=\"gallery_button_wrapper\">\n                        <a class=\"left carousel-control\" href=\"#69f42f0d4d513-carousel\" data-slide=\"prev\">\n                        <span class=\"icon-left\"><\/span>\n                    <\/a>\n                    <\/div>\n                    <div class=\"gallery_button_wrapper\">\n                        <a class=\"right carousel-control\" href=\"#69f42f0d4d513-carousel\" data-slide=\"next\">\n                        <span class=\"icon-right\"><\/span>\n                    <\/a>\n                    <\/div>\n\t\t\t\t\t\t                    \n               <\/div>\n\t  \t\t  <\/div>\n\t\t\n\t\t<\/div><\/div><\/div><div class=\"wpb_column vc_column_container vc_col-sm-6\"><div class=\"vc_column-inner vc_custom_1488139229859\"><div class=\"wpb_wrapper\">\n\t<div class=\"wpb_text_column wpb_content_element wpb_animate_when_almost_visible wpb_top-to-bottom top-to-bottom\" >\n\t\t<div class=\"wpb_wrapper\">\n\t\t\t<h2 style=\"color: #016532;\">Veranstaltungen<\/h2>\n<p>Veranstaltungen finden regelm\u00e4\u00dfig in unmittelbarer N\u00e4he statt.<\/p>\n<p><a href=\"https:\/\/www.centrumnijmegen.nl\/aankomende-evenementen-nijmegen\">Veranstaltungen Nijmegen,<\/a><\/p>\n<p><a href=\"http:\/\/nl.kleve-tourismus.de\/evenementen.html\">Veranstaltungen Kleve<\/a><\/p>\n\n\t\t<\/div>\n\t<\/div>\n<\/div><\/div><\/div><\/div><div class=\"vc_row-full-width vc_clearfix\"><\/div>\n<\/div>","protected":false},"excerpt":{"rendered":"","protected":false},"author":4756,"featured_media":0,"parent":0,"menu_order":0,"comment_status":"closed","ping_status":"closed","template":"","meta":{"footnotes":""},"class_list":["post-2479","page","type-page","status-publish","hentry"],"yoast_head":"<!-- This site is optimized with the Yoast SEO plugin v26.8 - https:\/\/yoast.com\/product\/yoast-seo-wordpress\/ -->\n<title>Vakantiehuis Fristerhof Omgeving - Geniet van uw vakantie!<\/title>\n<meta name=\"description\" content=\"Vakantiehuis Fristerhof Omgeving. Ga wandelen of maak een mooie fietstocht door het prachtige Millingerwaard. Kijk snel voor de beschikbaarheid!\" \/>\n<meta name=\"robots\" content=\"index, follow, max-snippet:-1, max-image-preview:large, max-video-preview:-1\" \/>\n<link rel=\"canonical\" href=\"https:\/\/fristerhof.com\/de\/vakantiehuis-fristerhof-omgeving\/\" \/>\n<meta property=\"og:locale\" content=\"de_DE\" \/>\n<meta property=\"og:type\" content=\"article\" \/>\n<meta property=\"og:title\" content=\"Vakantiehuis Fristerhof Omgeving - Geniet van uw vakantie!\" \/>\n<meta property=\"og:description\" content=\"Vakantiehuis Fristerhof Omgeving. Ga wandelen of maak een mooie fietstocht door het prachtige Millingerwaard. Kijk snel voor de beschikbaarheid!\" \/>\n<meta property=\"og:url\" content=\"https:\/\/fristerhof.com\/de\/vakantiehuis-fristerhof-omgeving\/\" \/>\n<meta property=\"og:site_name\" content=\"Authentieke Boerderij Vakantiehuis Fristerhof bij Millingerwaard\" \/>\n<meta property=\"article:publisher\" content=\"https:\/\/www.facebook.com\/BedBreakfastFristerhof\" \/>\n<meta property=\"article:modified_time\" content=\"2018-07-14T11:22:44+00:00\" \/>\n<meta name=\"twitter:card\" content=\"summary_large_image\" \/>\n<meta name=\"twitter:label1\" content=\"Gesch\u00e4tzte Lesezeit\" \/>\n\t<meta name=\"twitter:data1\" content=\"6\u00a0Minuten\" \/>\n<script type=\"application\/ld+json\" class=\"yoast-schema-graph\">{\"@context\":\"https:\/\/schema.org\",\"@graph\":[{\"@type\":\"WebPage\",\"@id\":\"https:\/\/fristerhof.com\/vakantiehuis-fristerhof-omgeving\/\",\"url\":\"https:\/\/fristerhof.com\/vakantiehuis-fristerhof-omgeving\/\",\"name\":\"Vakantiehuis Fristerhof Omgeving - Geniet van uw vakantie!\",\"isPartOf\":{\"@id\":\"https:\/\/fristerhof.com\/#website\"},\"datePublished\":\"2017-01-23T14:08:39+00:00\",\"dateModified\":\"2018-07-14T11:22:44+00:00\",\"description\":\"Vakantiehuis Fristerhof Omgeving. Ga wandelen of maak een mooie fietstocht door het prachtige Millingerwaard. Kijk snel voor de beschikbaarheid!\",\"breadcrumb\":{\"@id\":\"https:\/\/fristerhof.com\/vakantiehuis-fristerhof-omgeving\/#breadcrumb\"},\"inLanguage\":\"de\",\"potentialAction\":[{\"@type\":\"ReadAction\",\"target\":[\"https:\/\/fristerhof.com\/vakantiehuis-fristerhof-omgeving\/\"]}]},{\"@type\":\"BreadcrumbList\",\"@id\":\"https:\/\/fristerhof.com\/vakantiehuis-fristerhof-omgeving\/#breadcrumb\",\"itemListElement\":[{\"@type\":\"ListItem\",\"position\":1,\"name\":\"Home\",\"item\":\"https:\/\/fristerhof.com\/\"},{\"@type\":\"ListItem\",\"position\":2,\"name\":\"Omgeving\"}]},{\"@type\":\"WebSite\",\"@id\":\"https:\/\/fristerhof.com\/#website\",\"url\":\"https:\/\/fristerhof.com\/\",\"name\":\"Authentieke Boerderij Vakantiehuis Fristerhof bij Millingerwaard\",\"description\":\"Het Vakantiehuis Boerderij Fristerhof is vakantiewoning met bed-and-breakfast bij Millingerwaard in Keeken, Kleve, Gelderse Poort, Nijmegen.\",\"publisher\":{\"@id\":\"https:\/\/fristerhof.com\/#organization\"},\"potentialAction\":[{\"@type\":\"SearchAction\",\"target\":{\"@type\":\"EntryPoint\",\"urlTemplate\":\"https:\/\/fristerhof.com\/?s={search_term_string}\"},\"query-input\":{\"@type\":\"PropertyValueSpecification\",\"valueRequired\":true,\"valueName\":\"search_term_string\"}}],\"inLanguage\":\"de\"},{\"@type\":\"Organization\",\"@id\":\"https:\/\/fristerhof.com\/#organization\",\"name\":\"Vakantiehuis Fristerhof\",\"url\":\"https:\/\/fristerhof.com\/\",\"logo\":{\"@type\":\"ImageObject\",\"inLanguage\":\"de\",\"@id\":\"https:\/\/fristerhof.com\/#\/schema\/logo\/image\/\",\"url\":\"https:\/\/fristerhof.com\/wp-content\/uploads\/2017\/02\/Artboard-1@4x-1.png\",\"contentUrl\":\"https:\/\/fristerhof.com\/wp-content\/uploads\/2017\/02\/Artboard-1@4x-1.png\",\"width\":656,\"height\":656,\"caption\":\"Vakantiehuis Fristerhof\"},\"image\":{\"@id\":\"https:\/\/fristerhof.com\/#\/schema\/logo\/image\/\"},\"sameAs\":[\"https:\/\/www.facebook.com\/BedBreakfastFristerhof\",\"https:\/\/www.instagram.com\/fristerhof\/\"]}]}<\/script>\n<!-- \/ Yoast SEO plugin. -->","yoast_head_json":{"title":"Ferienhaus Fristerhof Umgebung - Genie\u00dfen Sie Ihren Urlaub!","description":"Fristerhof Ferienhaus in der Umgebung. Genie\u00dfen Sie einen Spaziergang oder eine sch\u00f6ne Radtour durch die sch\u00f6ne Region Millingerwaard. Jetzt Verf\u00fcgbarkeit pr\u00fcfen!","robots":{"index":"index","follow":"follow","max-snippet":"max-snippet:-1","max-image-preview":"max-image-preview:large","max-video-preview":"max-video-preview:-1"},"canonical":"https:\/\/fristerhof.com\/de\/vakantiehuis-fristerhof-omgeving\/","og_locale":"de_DE","og_type":"article","og_title":"Vakantiehuis Fristerhof Omgeving - Geniet van uw vakantie!","og_description":"Vakantiehuis Fristerhof Omgeving. Ga wandelen of maak een mooie fietstocht door het prachtige Millingerwaard. Kijk snel voor de beschikbaarheid!","og_url":"https:\/\/fristerhof.com\/de\/vakantiehuis-fristerhof-omgeving\/","og_site_name":"Authentieke Boerderij Vakantiehuis Fristerhof bij Millingerwaard","article_publisher":"https:\/\/www.facebook.com\/BedBreakfastFristerhof","article_modified_time":"2018-07-14T11:22:44+00:00","twitter_card":"summary_large_image","twitter_misc":{"Gesch\u00e4tzte Lesezeit":"6\u00a0Minuten"},"schema":{"@context":"https:\/\/schema.org","@graph":[{"@type":"WebPage","@id":"https:\/\/fristerhof.com\/vakantiehuis-fristerhof-omgeving\/","url":"https:\/\/fristerhof.com\/vakantiehuis-fristerhof-omgeving\/","name":"Ferienhaus Fristerhof Umgebung - Genie\u00dfen Sie Ihren Urlaub!","isPartOf":{"@id":"https:\/\/fristerhof.com\/#website"},"datePublished":"2017-01-23T14:08:39+00:00","dateModified":"2018-07-14T11:22:44+00:00","description":"Fristerhof Ferienhaus in der Umgebung. Genie\u00dfen Sie einen Spaziergang oder eine sch\u00f6ne Radtour durch die sch\u00f6ne Region Millingerwaard. Jetzt Verf\u00fcgbarkeit pr\u00fcfen!","breadcrumb":{"@id":"https:\/\/fristerhof.com\/vakantiehuis-fristerhof-omgeving\/#breadcrumb"},"inLanguage":"de","potentialAction":[{"@type":"ReadAction","target":["https:\/\/fristerhof.com\/vakantiehuis-fristerhof-omgeving\/"]}]},{"@type":"BreadcrumbList","@id":"https:\/\/fristerhof.com\/vakantiehuis-fristerhof-omgeving\/#breadcrumb","itemListElement":[{"@type":"ListItem","position":1,"name":"Home","item":"https:\/\/fristerhof.com\/"},{"@type":"ListItem","position":2,"name":"Omgeving"}]},{"@type":"WebSite","@id":"https:\/\/fristerhof.com\/#website","url":"https:\/\/fristerhof.com\/","name":"Authentisches Bauernhaus Ferienhaus Fristerhof bei Millingerwaard","description":"Das Ferienhaus Farm Fristerhof ist ein Ferienhaus mit Fr\u00fchst\u00fcck in der N\u00e4he von Millingerwaard in Keeken, Kleve, Gelderse Poort, Nijmegen.","publisher":{"@id":"https:\/\/fristerhof.com\/#organization"},"potentialAction":[{"@type":"SearchAction","target":{"@type":"EntryPoint","urlTemplate":"https:\/\/fristerhof.com\/?s={search_term_string}"},"query-input":{"@type":"PropertyValueSpecification","valueRequired":true,"valueName":"search_term_string"}}],"inLanguage":"de"},{"@type":"Organization","@id":"https:\/\/fristerhof.com\/#organization","name":"Ferienhaus Fristerhof","url":"https:\/\/fristerhof.com\/","logo":{"@type":"ImageObject","inLanguage":"de","@id":"https:\/\/fristerhof.com\/#\/schema\/logo\/image\/","url":"https:\/\/fristerhof.com\/wp-content\/uploads\/2017\/02\/Artboard-1@4x-1.png","contentUrl":"https:\/\/fristerhof.com\/wp-content\/uploads\/2017\/02\/Artboard-1@4x-1.png","width":656,"height":656,"caption":"Vakantiehuis Fristerhof"},"image":{"@id":"https:\/\/fristerhof.com\/#\/schema\/logo\/image\/"},"sameAs":["https:\/\/www.facebook.com\/BedBreakfastFristerhof","https:\/\/www.instagram.com\/fristerhof\/"]}]}},"_links":{"self":[{"href":"https:\/\/fristerhof.com\/de\/wp-json\/wp\/v2\/pages\/2479","targetHints":{"allow":["GET"]}}],"collection":[{"href":"https:\/\/fristerhof.com\/de\/wp-json\/wp\/v2\/pages"}],"about":[{"href":"https:\/\/fristerhof.com\/de\/wp-json\/wp\/v2\/types\/page"}],"author":[{"embeddable":true,"href":"https:\/\/fristerhof.com\/de\/wp-json\/wp\/v2\/users\/4756"}],"replies":[{"embeddable":true,"href":"https:\/\/fristerhof.com\/de\/wp-json\/wp\/v2\/comments?post=2479"}],"version-history":[{"count":23,"href":"https:\/\/fristerhof.com\/de\/wp-json\/wp\/v2\/pages\/2479\/revisions"}],"predecessor-version":[{"id":3240,"href":"https:\/\/fristerhof.com\/de\/wp-json\/wp\/v2\/pages\/2479\/revisions\/3240"}],"wp:attachment":[{"href":"https:\/\/fristerhof.com\/de\/wp-json\/wp\/v2\/media?parent=2479"}],"curies":[{"name":"wp","href":"https:\/\/api.w.org\/{rel}","templated":true}]}}