{"id":3453,"date":"2021-03-10T17:12:37","date_gmt":"2021-03-10T16:12:37","guid":{"rendered":"https:\/\/fristerhof.com\/?page_id=3453"},"modified":"2021-03-10T17:12:38","modified_gmt":"2021-03-10T16:12:38","slug":"cookiebeleid","status":"publish","type":"page","link":"https:\/\/fristerhof.com\/de\/cookiebeleid\/","title":{"rendered":"Cookie-Richtlinie"},"content":{"rendered":"<h2 class=\"wp-block-heading\">Cookie-Richtlinie f\u00fcr Fristerhof<\/h2>\n\n\n\n<p>Dies ist die Cookie-Richtlinie f\u00fcr Fristerhof, auf die \u00fcber https:\/\/fristerhof.com zugegriffen werden kann<\/p>\n\n\n\n<p><strong>Was sind Cookies?<\/strong><\/p>\n\n\n\n<p>Wie es bei fast allen professionellen Websites \u00fcblich ist, verwendet diese Website Cookies, winzige Dateien, die auf Ihren Computer heruntergeladen werden, um Ihre Erfahrung zu verbessern. Diese Seite beschreibt, welche Informationen sie sammeln, wie wir sie verwenden und warum wir diese Cookies manchmal speichern m\u00fcssen. Wir werden Ihnen auch mitteilen, wie Sie verhindern k\u00f6nnen, dass diese Cookies gespeichert werden. Dies kann jedoch dazu f\u00fchren, dass bestimmte Elemente der Website-Funktionalit\u00e4t herabgestuft oder besch\u00e4digt werden.<\/p>\n\n\n\n<p><strong>Wie wir Cookies verwenden<\/strong><\/p>\n\n\n\n<p>Wir verwenden Cookies aus verschiedenen Gr\u00fcnden, die unten aufgef\u00fchrt sind. Leider gibt es in den meisten F\u00e4llen keine branchen\u00fcblichen Optionen zum Deaktivieren von Cookies, ohne die Funktionen und Merkmale, die sie dieser Website hinzuf\u00fcgen, vollst\u00e4ndig zu deaktivieren. Es wird empfohlen, alle Cookies zu belassen, wenn Sie nicht sicher sind, ob Sie sie ben\u00f6tigen oder nicht, falls sie zur Bereitstellung eines von Ihnen verwendeten Dienstes verwendet werden.<\/p>\n\n\n\n<p><strong>Cookies deaktivieren<\/strong><\/p>\n\n\n\n<p>Sie k\u00f6nnen das Setzen von Cookies verhindern, indem Sie die Einstellungen in Ihrem Browser anpassen (Informationen dazu finden Sie in der Hilfe Ihres Browsers). Beachten Sie, dass das Deaktivieren von Cookies die Funktionalit\u00e4t dieser und vieler anderer Websites, die Sie besuchen, beeintr\u00e4chtigt. Das Deaktivieren von Cookies f\u00fchrt normalerweise auch zum Deaktivieren bestimmter Funktionen und Merkmale dieser Website. Daher wird empfohlen, Cookies nicht zu deaktivieren.<\/p>\n\n\n\n<p><strong>Die Cookies, die wir setzen<\/strong><\/p>\n\n\n\n<ul class=\"wp-block-list\"><li>Formularbezogene Cookies Wenn Sie Daten \u00fcber ein Formular an die Kontaktseiten oder Kommentarformulare senden, werden m\u00f6glicherweise Cookies gesetzt, um Ihre Benutzerdaten f\u00fcr zuk\u00fcnftige Korrespondenz zu speichern.<\/li><li>Cookies f\u00fcr Website-Einstellungen Um Ihnen eine gro\u00dfartige Erfahrung auf dieser Website zu bieten, bieten wir die Funktionalit\u00e4t, um Ihre Einstellungen f\u00fcr die Ausf\u00fchrung dieser Website festzulegen, wenn Sie sie verwenden. Um sich an Ihre Einstellungen zu erinnern, m\u00fcssen wir Cookies setzen, damit diese Informationen aufgerufen werden k\u00f6nnen, wenn Sie mit einer Seite interagieren, die von Ihren Einstellungen beeinflusst wird.<\/li><\/ul>\n\n\n\n<p><strong>Cookies von Drittanbietern<\/strong><\/p>\n\n\n\n<p>In einigen besonderen F\u00e4llen verwenden wir auch Cookies, die von vertrauensw\u00fcrdigen Dritten bereitgestellt werden. Im folgenden Abschnitt wird beschrieben, auf welche Cookies von Drittanbietern Sie m\u00f6glicherweise \u00fcber diese Website sto\u00dfen.<\/p>\n\n\n\n<ul class=\"wp-block-list\"><li>Diese Website verwendet Google Analytics, eine der am weitesten verbreiteten und vertrauensw\u00fcrdigsten Analysel\u00f6sungen im Internet, um zu verstehen, wie Sie die Website nutzen und wie wir Ihre Erfahrung verbessern k\u00f6nnen. Diese Cookies k\u00f6nnen beispielsweise nachverfolgen, wie viel Zeit Sie auf der Website verbringen und welche Seiten Sie besuchen, damit wir weiterhin ansprechende Inhalte erstellen k\u00f6nnen. Weitere Informationen zu Google Analytics-Cookies finden Sie auf der offiziellen Google Analytics-Seite.<\/li><\/ul>\n\n\n\n<p><strong>Mehr Informationen<\/strong><\/p>\n\n\n\n<p>Hoffentlich hat das die Dinge f\u00fcr Sie gekl\u00e4rt, und wie bereits erw\u00e4hnt, ist es normalerweise sicherer, Cookies aktiviert zu lassen, wenn sie mit einer der Funktionen interagieren, die Sie auf unserer Website verwenden.<\/p>\n\n\n\n<p>Wenn Sie jedoch noch weitere Informationen suchen, k\u00f6nnen Sie uns \u00fcber eine unserer bevorzugten Kontaktmethoden kontaktieren:<\/p>\n\n\n\n<ul class=\"wp-block-list\"><li>E-Mail: info@fristerhof.com<\/li><\/ul>","protected":false},"excerpt":{"rendered":"<p>Cookie Policy for Fristerhof This is the Cookie Policy for Fristerhof, accessible from https:\/\/fristerhof.com What Are Cookies As is common practice with almost all professional websites this site uses cookies, which are tiny files that are downloaded to your computer, to improve your experience. This page describes what information they gather, how we use it [&hellip;]<\/p>\n","protected":false},"author":4756,"featured_media":0,"parent":0,"menu_order":0,"comment_status":"closed","ping_status":"closed","template":"","meta":{"footnotes":""},"class_list":["post-3453","page","type-page","status-publish","hentry"],"yoast_head":"<!-- This site is optimized with the Yoast SEO plugin v26.8 - https:\/\/yoast.com\/product\/yoast-seo-wordpress\/ -->\n<title>Cookiebeleid - Authentieke Boerderij Vakantiehuis Fristerhof bij Millingerwaard<\/title>\n<meta name=\"robots\" content=\"index, follow, max-snippet:-1, max-image-preview:large, max-video-preview:-1\" \/>\n<link rel=\"canonical\" href=\"https:\/\/fristerhof.com\/de\/cookiebeleid\/\" \/>\n<meta property=\"og:locale\" content=\"de_DE\" \/>\n<meta property=\"og:type\" content=\"article\" \/>\n<meta property=\"og:title\" content=\"Cookiebeleid - Authentieke Boerderij Vakantiehuis Fristerhof bij Millingerwaard\" \/>\n<meta property=\"og:description\" content=\"Cookie Policy for Fristerhof This is the Cookie Policy for Fristerhof, accessible from https:\/\/fristerhof.com What Are Cookies As is common practice with almost all professional websites this site uses cookies, which are tiny files that are downloaded to your computer, to improve your experience. This page describes what information they gather, how we use it [&hellip;]\" \/>\n<meta property=\"og:url\" content=\"https:\/\/fristerhof.com\/de\/cookiebeleid\/\" \/>\n<meta property=\"og:site_name\" content=\"Authentieke Boerderij Vakantiehuis Fristerhof bij Millingerwaard\" \/>\n<meta property=\"article:publisher\" content=\"https:\/\/www.facebook.com\/BedBreakfastFristerhof\" \/>\n<meta property=\"article:modified_time\" content=\"2021-03-10T16:12:38+00:00\" \/>\n<meta name=\"twitter:card\" content=\"summary_large_image\" \/>\n<meta name=\"twitter:label1\" content=\"Gesch\u00e4tzte Lesezeit\" \/>\n\t<meta name=\"twitter:data1\" content=\"3\u00a0Minuten\" \/>\n<script type=\"application\/ld+json\" class=\"yoast-schema-graph\">{\"@context\":\"https:\/\/schema.org\",\"@graph\":[{\"@type\":\"WebPage\",\"@id\":\"https:\/\/fristerhof.com\/cookiebeleid\/\",\"url\":\"https:\/\/fristerhof.com\/cookiebeleid\/\",\"name\":\"Cookiebeleid - Authentieke Boerderij Vakantiehuis Fristerhof bij Millingerwaard\",\"isPartOf\":{\"@id\":\"https:\/\/fristerhof.com\/#website\"},\"datePublished\":\"2021-03-10T16:12:37+00:00\",\"dateModified\":\"2021-03-10T16:12:38+00:00\",\"breadcrumb\":{\"@id\":\"https:\/\/fristerhof.com\/cookiebeleid\/#breadcrumb\"},\"inLanguage\":\"de\",\"potentialAction\":[{\"@type\":\"ReadAction\",\"target\":[\"https:\/\/fristerhof.com\/cookiebeleid\/\"]}]},{\"@type\":\"BreadcrumbList\",\"@id\":\"https:\/\/fristerhof.com\/cookiebeleid\/#breadcrumb\",\"itemListElement\":[{\"@type\":\"ListItem\",\"position\":1,\"name\":\"Home\",\"item\":\"https:\/\/fristerhof.com\/\"},{\"@type\":\"ListItem\",\"position\":2,\"name\":\"Cookiebeleid\"}]},{\"@type\":\"WebSite\",\"@id\":\"https:\/\/fristerhof.com\/#website\",\"url\":\"https:\/\/fristerhof.com\/\",\"name\":\"Authentieke Boerderij Vakantiehuis Fristerhof bij Millingerwaard\",\"description\":\"Het Vakantiehuis Boerderij Fristerhof is vakantiewoning met bed-and-breakfast bij Millingerwaard in Keeken, Kleve, Gelderse Poort, Nijmegen.\",\"publisher\":{\"@id\":\"https:\/\/fristerhof.com\/#organization\"},\"potentialAction\":[{\"@type\":\"SearchAction\",\"target\":{\"@type\":\"EntryPoint\",\"urlTemplate\":\"https:\/\/fristerhof.com\/?s={search_term_string}\"},\"query-input\":{\"@type\":\"PropertyValueSpecification\",\"valueRequired\":true,\"valueName\":\"search_term_string\"}}],\"inLanguage\":\"de\"},{\"@type\":\"Organization\",\"@id\":\"https:\/\/fristerhof.com\/#organization\",\"name\":\"Vakantiehuis Fristerhof\",\"url\":\"https:\/\/fristerhof.com\/\",\"logo\":{\"@type\":\"ImageObject\",\"inLanguage\":\"de\",\"@id\":\"https:\/\/fristerhof.com\/#\/schema\/logo\/image\/\",\"url\":\"https:\/\/fristerhof.com\/wp-content\/uploads\/2017\/02\/Artboard-1@4x-1.png\",\"contentUrl\":\"https:\/\/fristerhof.com\/wp-content\/uploads\/2017\/02\/Artboard-1@4x-1.png\",\"width\":656,\"height\":656,\"caption\":\"Vakantiehuis Fristerhof\"},\"image\":{\"@id\":\"https:\/\/fristerhof.com\/#\/schema\/logo\/image\/\"},\"sameAs\":[\"https:\/\/www.facebook.com\/BedBreakfastFristerhof\",\"https:\/\/www.instagram.com\/fristerhof\/\"]}]}<\/script>\n<!-- \/ Yoast SEO plugin. -->","yoast_head_json":{"title":"Cookie-Richtlinie \u2013 Authentisches Ferienhaus Fristerhof bei Millingerwaard","robots":{"index":"index","follow":"follow","max-snippet":"max-snippet:-1","max-image-preview":"max-image-preview:large","max-video-preview":"max-video-preview:-1"},"canonical":"https:\/\/fristerhof.com\/de\/cookiebeleid\/","og_locale":"de_DE","og_type":"article","og_title":"Cookiebeleid - Authentieke Boerderij Vakantiehuis Fristerhof bij Millingerwaard","og_description":"Cookie Policy for Fristerhof This is the Cookie Policy for Fristerhof, accessible from https:\/\/fristerhof.com What Are Cookies As is common practice with almost all professional websites this site uses cookies, which are tiny files that are downloaded to your computer, to improve your experience. This page describes what information they gather, how we use it [&hellip;]","og_url":"https:\/\/fristerhof.com\/de\/cookiebeleid\/","og_site_name":"Authentieke Boerderij Vakantiehuis Fristerhof bij Millingerwaard","article_publisher":"https:\/\/www.facebook.com\/BedBreakfastFristerhof","article_modified_time":"2021-03-10T16:12:38+00:00","twitter_card":"summary_large_image","twitter_misc":{"Gesch\u00e4tzte Lesezeit":"3\u00a0Minuten"},"schema":{"@context":"https:\/\/schema.org","@graph":[{"@type":"WebPage","@id":"https:\/\/fristerhof.com\/cookiebeleid\/","url":"https:\/\/fristerhof.com\/cookiebeleid\/","name":"Cookie-Richtlinie \u2013 Authentisches Ferienhaus Fristerhof bei Millingerwaard","isPartOf":{"@id":"https:\/\/fristerhof.com\/#website"},"datePublished":"2021-03-10T16:12:37+00:00","dateModified":"2021-03-10T16:12:38+00:00","breadcrumb":{"@id":"https:\/\/fristerhof.com\/cookiebeleid\/#breadcrumb"},"inLanguage":"de","potentialAction":[{"@type":"ReadAction","target":["https:\/\/fristerhof.com\/cookiebeleid\/"]}]},{"@type":"BreadcrumbList","@id":"https:\/\/fristerhof.com\/cookiebeleid\/#breadcrumb","itemListElement":[{"@type":"ListItem","position":1,"name":"Home","item":"https:\/\/fristerhof.com\/"},{"@type":"ListItem","position":2,"name":"Cookiebeleid"}]},{"@type":"WebSite","@id":"https:\/\/fristerhof.com\/#website","url":"https:\/\/fristerhof.com\/","name":"Authentisches Bauernhaus Ferienhaus Fristerhof bei Millingerwaard","description":"Das Ferienhaus Farm Fristerhof ist ein Ferienhaus mit Fr\u00fchst\u00fcck in der N\u00e4he von Millingerwaard in Keeken, Kleve, Gelderse Poort, Nijmegen.","publisher":{"@id":"https:\/\/fristerhof.com\/#organization"},"potentialAction":[{"@type":"SearchAction","target":{"@type":"EntryPoint","urlTemplate":"https:\/\/fristerhof.com\/?s={search_term_string}"},"query-input":{"@type":"PropertyValueSpecification","valueRequired":true,"valueName":"search_term_string"}}],"inLanguage":"de"},{"@type":"Organization","@id":"https:\/\/fristerhof.com\/#organization","name":"Ferienhaus Fristerhof","url":"https:\/\/fristerhof.com\/","logo":{"@type":"ImageObject","inLanguage":"de","@id":"https:\/\/fristerhof.com\/#\/schema\/logo\/image\/","url":"https:\/\/fristerhof.com\/wp-content\/uploads\/2017\/02\/Artboard-1@4x-1.png","contentUrl":"https:\/\/fristerhof.com\/wp-content\/uploads\/2017\/02\/Artboard-1@4x-1.png","width":656,"height":656,"caption":"Vakantiehuis Fristerhof"},"image":{"@id":"https:\/\/fristerhof.com\/#\/schema\/logo\/image\/"},"sameAs":["https:\/\/www.facebook.com\/BedBreakfastFristerhof","https:\/\/www.instagram.com\/fristerhof\/"]}]}},"_links":{"self":[{"href":"https:\/\/fristerhof.com\/de\/wp-json\/wp\/v2\/pages\/3453","targetHints":{"allow":["GET"]}}],"collection":[{"href":"https:\/\/fristerhof.com\/de\/wp-json\/wp\/v2\/pages"}],"about":[{"href":"https:\/\/fristerhof.com\/de\/wp-json\/wp\/v2\/types\/page"}],"author":[{"embeddable":true,"href":"https:\/\/fristerhof.com\/de\/wp-json\/wp\/v2\/users\/4756"}],"replies":[{"embeddable":true,"href":"https:\/\/fristerhof.com\/de\/wp-json\/wp\/v2\/comments?post=3453"}],"version-history":[{"count":2,"href":"https:\/\/fristerhof.com\/de\/wp-json\/wp\/v2\/pages\/3453\/revisions"}],"predecessor-version":[{"id":3455,"href":"https:\/\/fristerhof.com\/de\/wp-json\/wp\/v2\/pages\/3453\/revisions\/3455"}],"wp:attachment":[{"href":"https:\/\/fristerhof.com\/de\/wp-json\/wp\/v2\/media?parent=3453"}],"curies":[{"name":"wp","href":"https:\/\/api.w.org\/{rel}","templated":true}]}}