{"id":7,"date":"2015-08-18T11:50:31","date_gmt":"2015-08-18T09:50:31","guid":{"rendered":"http:\/\/ttdemo.wpengine.com\/calluna\/?page_id=7"},"modified":"2022-12-13T12:58:55","modified_gmt":"2022-12-13T11:58:55","slug":"vakantiehuis-fristerhof-millingerwaard","status":"publish","type":"page","link":"https:\/\/fristerhof.com\/de\/","title":{"rendered":"Home"},"content":{"rendered":"<div class=\"wpb-content-wrapper\"><div id=\"firstItem\" data-vc-full-width=\"true\" data-vc-full-width-init=\"false\" data-vc-stretch-content=\"true\" class=\"vc_row wpb_row vc_row-fluid vc_custom_1497354498702 vc_row-has-fill vc_row-no-padding vc_row-o-content-middle vc_row-flex\"><div class=\"wpb_column vc_column_container vc_col-sm-12\"><div class=\"vc_column-inner vc_custom_1485349326493\"><div class=\"wpb_wrapper\"><h2 class=\"calluna-heading calluna-heading-none text-align-left\" ><span>Entdecken Sie den Fristerhof<\/span><\/h2>\n\t<div class=\"wpb_text_column wpb_content_element\" >\n\t\t<div class=\"wpb_wrapper\">\n\t\t\t<p>Wenn Sie den Fristerhof besuchen, stellen Sie sich eine authentische und l\u00e4ndliche Atmosph\u00e4re vor. Finden Sie Ihre verdiente Ruhe in der wundersch\u00f6nen Natur des Millingerwaard.<\/p>\n<p>Wer kann Ihnen eine Gruppenunterkunft f\u00fcr 3 bis 14 Personen anbieten? Jeder ist willkommen!<\/p>\n<p>F\u00fcr weitere Informationen oder W\u00fcnsche z\u00f6gern Sie bitte nicht, uns zu kontaktieren <a href=\"\/?page_id=2483\">Kontakt<\/a>. Sie k\u00f6nnen auch direkt <a href=\"https:\/\/fristerhof.com\/boeken\/\">eine Reservierung vornehmen<\/a>.<br \/>\nM\u00f6chten Sie mehr \u00fcber die Ferienfarm erfahren?\u00a0<a href=\"\/?page_id=2477\">Weiterlesen\u2026<\/a><\/p>\n\n\t\t<\/div>\n\t<\/div>\n<\/div><\/div><\/div><\/div><div class=\"vc_row-full-width vc_clearfix\"><\/div><div data-vc-full-width=\"true\" data-vc-full-width-init=\"false\" data-vc-stretch-content=\"true\" class=\"vc_row wpb_row vc_row-fluid vc_custom_1488113292591 vc_row-has-fill vc_row-no-padding\"><div class=\"wpb_column vc_column_container vc_col-sm-6\"><div class=\"vc_column-inner vc_custom_1485349326493\"><div class=\"wpb_wrapper\">\n\t<div class=\"wpb_text_column wpb_content_element wpb_animate_when_almost_visible wpb_top-to-bottom top-to-bottom\" >\n\t\t<div class=\"wpb_wrapper\">\n\t\t\t<h2 style=\"color: #ffffff;\">Urlaubsgef\u00fchl<\/h2>\n<p style=\"color: #ffffff;\">Bei einem Aufenthalt im Fristerhof erleben Sie ein einzigartiges Urlaubsgef\u00fchl.<br \/>\nDas Ferienhaus ist sehr kinderfreundlich und ideal f\u00fcr einen Familienurlaub. Wir bieten Ihnen gen\u00fcgend Platz, eine gro\u00dfe Terrasse und einen Garten mit unz\u00e4hligen Spielm\u00f6glichkeiten f\u00fcr Jung und Alt. Wir legen gro\u00dfen Wert auf die Privatsph\u00e4re unserer G\u00e4ste. Die Unterkunft und der Garten sind daher privat und nur f\u00fcr Sie verf\u00fcgbar.<br \/>\nM\u00f6chten Sie mehr \u00fcber die Region erfahren?<br \/>\n<a title=\"Fristerhof Umgebung\" href=\"\/?page_id=2479\">Weiterlesen\u2026<\/a><\/p>\n\n\t\t<\/div>\n\t<\/div>\n<\/div><\/div><\/div>\t\t<div class=\"wpb_column vc_column_container vc_col-sm-6\"><div class=\"vc_column-inner\"><div class=\"wpb_wrapper\">        <div class=\"image-gallery\">\n                <div id=\"69e8da5ac2038-carousel\" class=\"carousel slide\" data-ride=\"carousel\">\n                \t                                        \t<div class=\"carousel-inner\">\n\t\t\t\t\t\t\t\t\t\t\t\t\t\t\t\t\t                                    <div class=\"item active\">\n\t\t\t\t\t\t\t\t\t\t\t\t\t\t\t\t\t\t\t\t\t<!-- Image -->\n\t\t\t\t\t\t\t\t\t\t\t<img loading=\"lazy\" decoding=\"async\" width=\"2000\" height=\"1500\" src=\"https:\/\/fristerhof.com\/wp-content\/uploads\/2017\/01\/P1680348.jpg\" class=\"attachment-full size-full\" alt=\"\" srcset=\"https:\/\/fristerhof.com\/wp-content\/uploads\/2017\/01\/P1680348.jpg 2000w, https:\/\/fristerhof.com\/wp-content\/uploads\/2017\/01\/P1680348-300x225.jpg 300w, https:\/\/fristerhof.com\/wp-content\/uploads\/2017\/01\/P1680348-768x576.jpg 768w, https:\/\/fristerhof.com\/wp-content\/uploads\/2017\/01\/P1680348-1024x768.jpg 1024w\" sizes=\"auto, (max-width: 2000px) 100vw, 2000px\" \/>\t\t\t\t\t\t\t\t\t\t\t\t\t\t\t\t\t\t\t\t\t\t\t\t\t\t\t\t\t\t                                    <\/div>\n                                    \n\t\t\t\t\t\t\t\t\t\t\t\t\t\t\t\t\t                                    <div class=\"item\">\n\t\t\t\t\t\t\t\t\t\t\t\t\t\t\t\t\t\t\t\t\t<!-- Image -->\n\t\t\t\t\t\t\t\t\t\t\t<img loading=\"lazy\" decoding=\"async\" width=\"1600\" height=\"1200\" src=\"https:\/\/fristerhof.com\/wp-content\/uploads\/2017\/01\/Picture-012.jpg\" class=\"attachment-full size-full\" alt=\"\" srcset=\"https:\/\/fristerhof.com\/wp-content\/uploads\/2017\/01\/Picture-012.jpg 1600w, https:\/\/fristerhof.com\/wp-content\/uploads\/2017\/01\/Picture-012-300x225.jpg 300w, https:\/\/fristerhof.com\/wp-content\/uploads\/2017\/01\/Picture-012-768x576.jpg 768w, https:\/\/fristerhof.com\/wp-content\/uploads\/2017\/01\/Picture-012-1024x768.jpg 1024w\" sizes=\"auto, (max-width: 1600px) 100vw, 1600px\" \/>\t\t\t\t\t\t\t\t\t\t\t\t\t\t\t\t\t\t\t\t\t\t\t\t\t\t\t\t\t\t                                    <\/div>\n                                    \n\t\t\t\t\t\t\t\t\t\t\t\t\t\t\t\t\t                                    <div class=\"item\">\n\t\t\t\t\t\t\t\t\t\t\t\t\t\t\t\t\t\t\t\t\t<!-- Image -->\n\t\t\t\t\t\t\t\t\t\t\t<img loading=\"lazy\" decoding=\"async\" width=\"2000\" height=\"1500\" src=\"https:\/\/fristerhof.com\/wp-content\/uploads\/2017\/01\/P1680539.jpg\" class=\"attachment-full size-full\" alt=\"\" srcset=\"https:\/\/fristerhof.com\/wp-content\/uploads\/2017\/01\/P1680539.jpg 2000w, https:\/\/fristerhof.com\/wp-content\/uploads\/2017\/01\/P1680539-300x225.jpg 300w, https:\/\/fristerhof.com\/wp-content\/uploads\/2017\/01\/P1680539-768x576.jpg 768w, https:\/\/fristerhof.com\/wp-content\/uploads\/2017\/01\/P1680539-1024x768.jpg 1024w\" sizes=\"auto, (max-width: 2000px) 100vw, 2000px\" \/>\t\t\t\t\t\t\t\t\t\t\t\t\t\t\t\t\t\t\t\t\t\t\t\t\t\t\t\t\t\t                                    <\/div>\n                                    \n\t\t\t\t\t\t\t\t\t\t\t\t\t\t\t\t\t                                    <div class=\"item\">\n\t\t\t\t\t\t\t\t\t\t\t\t\t\t\t\t\t\t\t\t\t<!-- Image -->\n\t\t\t\t\t\t\t\t\t\t\t<img loading=\"lazy\" decoding=\"async\" width=\"2000\" height=\"1500\" src=\"https:\/\/fristerhof.com\/wp-content\/uploads\/2017\/01\/P1680421.jpg\" class=\"attachment-full size-full\" alt=\"\" srcset=\"https:\/\/fristerhof.com\/wp-content\/uploads\/2017\/01\/P1680421.jpg 2000w, https:\/\/fristerhof.com\/wp-content\/uploads\/2017\/01\/P1680421-300x225.jpg 300w, https:\/\/fristerhof.com\/wp-content\/uploads\/2017\/01\/P1680421-768x576.jpg 768w, https:\/\/fristerhof.com\/wp-content\/uploads\/2017\/01\/P1680421-1024x768.jpg 1024w\" sizes=\"auto, (max-width: 2000px) 100vw, 2000px\" \/>\t\t\t\t\t\t\t\t\t\t\t\t\t\t\t\t\t\t\t\t\t\t\t\t\t\t\t\t\t\t                                    <\/div>\n                                    \n\t\t\t\t\t\t\t\t\t\t\t\t\t\t\t\t                         <\/div>\n                         <div class=\"gallery_button_wrapper\">\n                        <a class=\"left carousel-control\" href=\"#69e8da5ac2038-carousel\" data-slide=\"prev\">\n                        <span class=\"icon-left\"><\/span>\n                    <\/a>\n                    <\/div>\n                    <div class=\"gallery_button_wrapper\">\n                        <a class=\"right carousel-control\" href=\"#69e8da5ac2038-carousel\" data-slide=\"next\">\n                        <span class=\"icon-right\"><\/span>\n                    <\/a>\n                    <\/div>\n\t\t\t\t\t\t                    \n               <\/div>\n\t  \t\t  <\/div>\n\t\t\n\t\t<\/div><\/div><\/div><\/div><div class=\"vc_row-full-width vc_clearfix\"><\/div><div data-vc-full-width=\"true\" data-vc-full-width-init=\"false\" class=\"vc_row wpb_row vc_row-fluid vc_custom_1442754615648\"><div class=\"wpb_column vc_column_container vc_col-sm-6\"><div class=\"vc_column-inner\"><div class=\"wpb_wrapper\"><h2 class=\"calluna-heading calluna-heading-single-line text-align-left\" ><span>Unsere F\u00e4higkeiten<\/span><\/h2>\n\t<div class=\"wpb_text_column wpb_content_element\" >\n\t\t<div class=\"wpb_wrapper\">\n\t\t\t<p>Im Fristerhof liefern wir Sonderanfertigungen. Z\u00f6gere nicht <a title=\"Fristerhof Kontakt\" href=\"\/?page_id=2483\">kontaktieren<\/a> f\u00fcr Fragen und W\u00fcnsche. Gemeinsam mit Ihnen pr\u00fcfen wir die M\u00f6glichkeiten, damit es Ihnen w\u00e4hrend Ihres Aufenthaltes an nichts fehlt. Sie k\u00f6nnen auch direkt <a href=\"https:\/\/fristerhof.com\/boeken\/\">Platz buchen<\/a>.<br \/>\nLesen Sie mehr \u00fcber unsere Preise und Aktionen auf der <a title=\"Preise Fristerhof\" href=\"\/?page_id=2481\">Tarifseite.<\/a><\/p>\n\n\t\t<\/div>\n\t<\/div>\n<\/div><\/div><\/div><div class=\"wpb_column vc_column_container vc_col-sm-6\"><div class=\"vc_column-inner\"><div class=\"wpb_wrapper\"><h2 class=\"calluna-heading calluna-heading-single-line text-align-left\" ><span>Anlagen<\/span><\/h2>\n\t<div class=\"wpb_text_column wpb_content_element\" >\n\t\t<div class=\"wpb_wrapper\">\n\t\t\t<p>W\u00e4hrend Ihres Aufenthalts im Vakantieboerderij Fristerhof werden Sie sich keinen Moment langweilen.<\/p>\n<ul>\n<li>Machen Sie einen sch\u00f6nen und abenteuerlichen Spaziergang im Millingerwaard.<\/li>\n<li>Besuchen Sie das gem\u00fctliche Kleve oder Nijmegen (beide in angemessener Entfernung).<\/li>\n<li>Ben\u00f6tigen Sie einen Tag voller Spa\u00df? Dann besuchen Sie das Kernwasser Wunderland oder den Zoo.<\/li>\n<\/ul>\n<p>Sie m\u00f6chten sich w\u00e4hrend Ihres Urlaubs um nichts k\u00fcmmern. Deshalb bieten wir Ihnen:<\/p>\n<ul>\n<li>Br\u00f6tchenservice<\/li>\n<li>Fr\u00fchst\u00fcck Mittagessen<\/li>\n<li>Waschmaschine<\/li>\n<li>Barbecue-Set<\/li>\n<li>Unterst\u00fctzung beim Fahrradverleih<\/li>\n<li>Wander- und Radwege<\/li>\n<\/ul>\n\n\t\t<\/div>\n\t<\/div>\n<\/div><\/div><\/div><\/div><div class=\"vc_row-full-width vc_clearfix\"><\/div>\n<\/div>","protected":false},"excerpt":{"rendered":"","protected":false},"author":4756,"featured_media":0,"parent":0,"menu_order":0,"comment_status":"open","ping_status":"closed","template":"","meta":{"footnotes":""},"class_list":["post-7","page","type-page","status-publish","hentry"],"yoast_head":"<!-- This site is optimized with the Yoast SEO plugin v26.8 - https:\/\/yoast.com\/product\/yoast-seo-wordpress\/ -->\n<title>Vakantiehuis Fristerhof Millingerwaard. Authentieke vakantieboerderij.<\/title>\n<meta name=\"description\" content=\"Vakantiehuis Fristerhof Millingerwaard. Authentieke vakantieboerderij met een landelijke sfeer. Kijk snel voor meer informatie en de mogelijkheden.\" \/>\n<meta name=\"robots\" content=\"index, follow, max-snippet:-1, max-image-preview:large, max-video-preview:-1\" \/>\n<link rel=\"canonical\" href=\"https:\/\/fristerhof.com\/de\/\" \/>\n<meta property=\"og:locale\" content=\"de_DE\" \/>\n<meta property=\"og:type\" content=\"article\" \/>\n<meta property=\"og:title\" content=\"Vakantiehuis Fristerhof Millingerwaard. Authentieke vakantieboerderij.\" \/>\n<meta property=\"og:description\" content=\"Vakantiehuis Fristerhof Millingerwaard. Authentieke vakantieboerderij met een landelijke sfeer. Kijk snel voor meer informatie en de mogelijkheden.\" \/>\n<meta property=\"og:url\" content=\"https:\/\/fristerhof.com\/de\/\" \/>\n<meta property=\"og:site_name\" content=\"Authentieke Boerderij Vakantiehuis Fristerhof bij Millingerwaard\" \/>\n<meta property=\"article:publisher\" content=\"https:\/\/www.facebook.com\/BedBreakfastFristerhof\" \/>\n<meta property=\"article:modified_time\" content=\"2022-12-13T11:58:55+00:00\" \/>\n<meta name=\"twitter:card\" content=\"summary_large_image\" \/>\n<meta name=\"twitter:label1\" content=\"Gesch\u00e4tzte Lesezeit\" \/>\n\t<meta name=\"twitter:data1\" content=\"3\u00a0Minuten\" \/>\n<script type=\"application\/ld+json\" class=\"yoast-schema-graph\">{\"@context\":\"https:\/\/schema.org\",\"@graph\":[{\"@type\":\"WebPage\",\"@id\":\"https:\/\/fristerhof.com\/\",\"url\":\"https:\/\/fristerhof.com\/\",\"name\":\"Vakantiehuis Fristerhof Millingerwaard. Authentieke vakantieboerderij.\",\"isPartOf\":{\"@id\":\"https:\/\/fristerhof.com\/#website\"},\"datePublished\":\"2015-08-18T09:50:31+00:00\",\"dateModified\":\"2022-12-13T11:58:55+00:00\",\"description\":\"Vakantiehuis Fristerhof Millingerwaard. Authentieke vakantieboerderij met een landelijke sfeer. Kijk snel voor meer informatie en de mogelijkheden.\",\"breadcrumb\":{\"@id\":\"https:\/\/fristerhof.com\/#breadcrumb\"},\"inLanguage\":\"de\",\"potentialAction\":[{\"@type\":\"ReadAction\",\"target\":[\"https:\/\/fristerhof.com\/\"]}]},{\"@type\":\"BreadcrumbList\",\"@id\":\"https:\/\/fristerhof.com\/#breadcrumb\",\"itemListElement\":[{\"@type\":\"ListItem\",\"position\":1,\"name\":\"Home\",\"item\":\"https:\/\/fristerhof.com\/\"},{\"@type\":\"ListItem\",\"position\":2,\"name\":\"Home\"}]},{\"@type\":\"WebSite\",\"@id\":\"https:\/\/fristerhof.com\/#website\",\"url\":\"https:\/\/fristerhof.com\/\",\"name\":\"Authentieke Boerderij Vakantiehuis Fristerhof bij Millingerwaard\",\"description\":\"Het Vakantiehuis Boerderij Fristerhof is vakantiewoning met bed-and-breakfast bij Millingerwaard in Keeken, Kleve, Gelderse Poort, Nijmegen.\",\"publisher\":{\"@id\":\"https:\/\/fristerhof.com\/#organization\"},\"potentialAction\":[{\"@type\":\"SearchAction\",\"target\":{\"@type\":\"EntryPoint\",\"urlTemplate\":\"https:\/\/fristerhof.com\/?s={search_term_string}\"},\"query-input\":{\"@type\":\"PropertyValueSpecification\",\"valueRequired\":true,\"valueName\":\"search_term_string\"}}],\"inLanguage\":\"de\"},{\"@type\":\"Organization\",\"@id\":\"https:\/\/fristerhof.com\/#organization\",\"name\":\"Vakantiehuis Fristerhof\",\"url\":\"https:\/\/fristerhof.com\/\",\"logo\":{\"@type\":\"ImageObject\",\"inLanguage\":\"de\",\"@id\":\"https:\/\/fristerhof.com\/#\/schema\/logo\/image\/\",\"url\":\"https:\/\/fristerhof.com\/wp-content\/uploads\/2017\/02\/Artboard-1@4x-1.png\",\"contentUrl\":\"https:\/\/fristerhof.com\/wp-content\/uploads\/2017\/02\/Artboard-1@4x-1.png\",\"width\":656,\"height\":656,\"caption\":\"Vakantiehuis Fristerhof\"},\"image\":{\"@id\":\"https:\/\/fristerhof.com\/#\/schema\/logo\/image\/\"},\"sameAs\":[\"https:\/\/www.facebook.com\/BedBreakfastFristerhof\",\"https:\/\/www.instagram.com\/fristerhof\/\"]}]}<\/script>\n<!-- \/ Yoast SEO plugin. -->","yoast_head_json":{"title":"Fristerhof Millingerwaard Ferienhaus. Authentisches Bauernhaus.","description":"Ferienhaus Fristerhof Millingerwaard. Authentisches Bauernhaus mit l\u00e4ndlicher Atmosph\u00e4re. Weitere Informationen und Optionen.","robots":{"index":"index","follow":"follow","max-snippet":"max-snippet:-1","max-image-preview":"max-image-preview:large","max-video-preview":"max-video-preview:-1"},"canonical":"https:\/\/fristerhof.com\/de\/","og_locale":"de_DE","og_type":"article","og_title":"Vakantiehuis Fristerhof Millingerwaard. Authentieke vakantieboerderij.","og_description":"Vakantiehuis Fristerhof Millingerwaard. Authentieke vakantieboerderij met een landelijke sfeer. Kijk snel voor meer informatie en de mogelijkheden.","og_url":"https:\/\/fristerhof.com\/de\/","og_site_name":"Authentieke Boerderij Vakantiehuis Fristerhof bij Millingerwaard","article_publisher":"https:\/\/www.facebook.com\/BedBreakfastFristerhof","article_modified_time":"2022-12-13T11:58:55+00:00","twitter_card":"summary_large_image","twitter_misc":{"Gesch\u00e4tzte Lesezeit":"3\u00a0Minuten"},"schema":{"@context":"https:\/\/schema.org","@graph":[{"@type":"WebPage","@id":"https:\/\/fristerhof.com\/","url":"https:\/\/fristerhof.com\/","name":"Fristerhof Millingerwaard Ferienhaus. Authentisches Bauernhaus.","isPartOf":{"@id":"https:\/\/fristerhof.com\/#website"},"datePublished":"2015-08-18T09:50:31+00:00","dateModified":"2022-12-13T11:58:55+00:00","description":"Ferienhaus Fristerhof Millingerwaard. Authentisches Bauernhaus mit l\u00e4ndlicher Atmosph\u00e4re. Weitere Informationen und Optionen.","breadcrumb":{"@id":"https:\/\/fristerhof.com\/#breadcrumb"},"inLanguage":"de","potentialAction":[{"@type":"ReadAction","target":["https:\/\/fristerhof.com\/"]}]},{"@type":"BreadcrumbList","@id":"https:\/\/fristerhof.com\/#breadcrumb","itemListElement":[{"@type":"ListItem","position":1,"name":"Home","item":"https:\/\/fristerhof.com\/"},{"@type":"ListItem","position":2,"name":"Home"}]},{"@type":"WebSite","@id":"https:\/\/fristerhof.com\/#website","url":"https:\/\/fristerhof.com\/","name":"Authentisches Bauernhaus Ferienhaus Fristerhof bei Millingerwaard","description":"Das Ferienhaus Farm Fristerhof ist ein Ferienhaus mit Fr\u00fchst\u00fcck in der N\u00e4he von Millingerwaard in Keeken, Kleve, Gelderse Poort, Nijmegen.","publisher":{"@id":"https:\/\/fristerhof.com\/#organization"},"potentialAction":[{"@type":"SearchAction","target":{"@type":"EntryPoint","urlTemplate":"https:\/\/fristerhof.com\/?s={search_term_string}"},"query-input":{"@type":"PropertyValueSpecification","valueRequired":true,"valueName":"search_term_string"}}],"inLanguage":"de"},{"@type":"Organization","@id":"https:\/\/fristerhof.com\/#organization","name":"Ferienhaus Fristerhof","url":"https:\/\/fristerhof.com\/","logo":{"@type":"ImageObject","inLanguage":"de","@id":"https:\/\/fristerhof.com\/#\/schema\/logo\/image\/","url":"https:\/\/fristerhof.com\/wp-content\/uploads\/2017\/02\/Artboard-1@4x-1.png","contentUrl":"https:\/\/fristerhof.com\/wp-content\/uploads\/2017\/02\/Artboard-1@4x-1.png","width":656,"height":656,"caption":"Vakantiehuis Fristerhof"},"image":{"@id":"https:\/\/fristerhof.com\/#\/schema\/logo\/image\/"},"sameAs":["https:\/\/www.facebook.com\/BedBreakfastFristerhof","https:\/\/www.instagram.com\/fristerhof\/"]}]}},"_links":{"self":[{"href":"https:\/\/fristerhof.com\/de\/wp-json\/wp\/v2\/pages\/7","targetHints":{"allow":["GET"]}}],"collection":[{"href":"https:\/\/fristerhof.com\/de\/wp-json\/wp\/v2\/pages"}],"about":[{"href":"https:\/\/fristerhof.com\/de\/wp-json\/wp\/v2\/types\/page"}],"author":[{"embeddable":true,"href":"https:\/\/fristerhof.com\/de\/wp-json\/wp\/v2\/users\/4756"}],"replies":[{"embeddable":true,"href":"https:\/\/fristerhof.com\/de\/wp-json\/wp\/v2\/comments?post=7"}],"version-history":[{"count":53,"href":"https:\/\/fristerhof.com\/de\/wp-json\/wp\/v2\/pages\/7\/revisions"}],"predecessor-version":[{"id":3520,"href":"https:\/\/fristerhof.com\/de\/wp-json\/wp\/v2\/pages\/7\/revisions\/3520"}],"wp:attachment":[{"href":"https:\/\/fristerhof.com\/de\/wp-json\/wp\/v2\/media?parent=7"}],"curies":[{"name":"wp","href":"https:\/\/api.w.org\/{rel}","templated":true}]}}