{"id":3532,"date":"2017-01-23T15:09:25","date_gmt":"2017-01-23T14:09:25","guid":{"rendered":"https:\/\/fristerhof.com\/contact\/"},"modified":"2023-01-17T18:07:52","modified_gmt":"2023-01-17T17:07:52","slug":"contact","status":"publish","type":"page","link":"https:\/\/fristerhof.com\/fr\/contact\/","title":{"rendered":"Contacter"},"content":{"rendered":"<div class=\"wpb-content-wrapper\"><div data-vc-full-width=\"true\" data-vc-full-width-init=\"false\" class=\"vc_row wpb_row vc_row-fluid vc_custom_1457438958115\"><div class=\"wpb_column vc_column_container vc_col-sm-8\"><div class=\"vc_column-inner\"><div class=\"wpb_wrapper\"><h2 class=\"calluna-heading calluna-heading-single-line text-align-left\" ><span>Pose ta question<\/span><\/h2>\n\t<div class=\"wpb_text_column wpb_content_element\" >\n\t\t<div class=\"wpb_wrapper\">\n\t\t\t<p class=\"teaser\" style=\"color:#444444; text-align:left;\">Nous vous souhaitons la bienvenue dans notre belle maison de vacances. Si vous posez des questions ou posez des questions, vous devrez remplir la formule avant de diriger l&#039;appelant. Vous pouvez \u00e9galement <a href=\"https:\/\/fristerhof.com\/fr\/reservez-maintenant\/\">effectuer une r\u00e9servation<\/a> gestion.<\/p>\n\n\t\t<\/div>\n\t<\/div>\n\n<div class=\"wpcf7 no-js\" id=\"wpcf7-f1470-o1\" lang=\"en-US\" dir=\"ltr\" data-wpcf7-id=\"1470\">\n<div class=\"screen-reader-response\"><p role=\"status\" aria-live=\"polite\" aria-atomic=\"true\"><\/p> <ul><\/ul><\/div>\n<form action=\"\/fr\/wp-json\/wp\/v2\/pages\/3532#wpcf7-f1470-o1\" method=\"post\" class=\"wpcf7-form init\" aria-label=\"Formulaire de contact\" novalidate=\"novalidate\" data-status=\"init\" data-trp-original-action=\"\/fr\/wp-json\/wp\/v2\/pages\/3532#wpcf7-f1470-o1\">\n<fieldset class=\"hidden-fields-container\"><input type=\"hidden\" name=\"_wpcf7\" value=\"1470\" \/><input type=\"hidden\" name=\"_wpcf7_version\" value=\"6.1.5\" \/><input type=\"hidden\" name=\"_wpcf7_locale\" value=\"en_US\" \/><input type=\"hidden\" name=\"_wpcf7_unit_tag\" value=\"wpcf7-f1470-o1\" \/><input type=\"hidden\" name=\"_wpcf7_container_post\" value=\"0\" \/><input type=\"hidden\" name=\"_wpcf7_posted_data_hash\" value=\"\" \/><input type=\"hidden\" name=\"_wpcf7_recaptcha_response\" value=\"\" \/>\n<\/fieldset>\n<\/script>\n<div class=\"row\">\n  <div class=\"col-sm-6\">\n    <div class=\"form-group fullName\"><label class=\"\">Nom et pr\u00e9nom <span class=\"required\">*<\/span><\/label><input class=\"wpcf7-form-control wpcf7-text wpcf7-validates-as-required form-control\" name=\"fullName\" type=\"text\" value=\"\" aria-invalid=\"false\" aria-required=\"true\" required><\/div>\n  <\/div>\n <div class=\"col-sm-6\">\n    <div class=\"form-group email\"><label class=\"\">Adresse e-mail <span class=\"required\">*<\/span><\/label><input class=\"wpcf7-form-control wpcf7-email wpcf7-validates-as-required wpcf7-text wpcf7-validates-as-email form-control\" name=\"email\" type=\"text\" value=\"\" aria-invalid=\"false\" aria-required=\"true\" required><\/div> \n  <\/div>\n<\/div>\n<div class=\"row\">\n  <div class=\"col-sm-12\">\n<div class=\"form-group Message\"><label class=\"\">Votre message <span class=\"required\">*<\/span><\/label><textarea class=\"wpcf7-form-control wpcf7-textarea wpcf7-validates-as-required form-control\" name=\"Message\" rows=\"4\" aria-invalid=\"false\" aria-required=\"true\" required><\/textarea><\/div>\n  <\/div>\n<\/div>\n<div class=\"row\">\n  <div class=\"col-xs-1\"><div class=\"form-group wpcf7-form-control wpcf7-checkbox wpcf7-validates-as-required acceptance\"><div class=\"checkbox wpcf7-form-control wpcf7-checkbox wpcf7-validates-as-required acceptance\"><label ><input name=\"acceptance\" type=\"checkbox\" value=\"true\" aria-invalid=\"false\" aria-required=\"true\" required><\/label><\/div><\/div><\/div>\n  <div class=\"col-xs-11\">\nJ&#039;ai le <a title=\"Conditions Fristerhof\" href=\"https:\/\/fristerhof.com\/Algemene_Voorwaarden.pdf\">Termes et conditions<\/a> lire et accepter.\n  <\/div>\n<\/div>\n<div class=\"row\">\n  <div class=\"col-sm-6\">\n    <div class=\"btn-primary-container\">\n     <div class=\"form-group\"><div><input class=\"wpcf7-form-control wpcf7-submit btn btn-primary style-1\" type=\"submit\" value=\"Envoyer une demande\"><\/div><\/div>\n    <\/div>\n  <\/div>\n<\/div><div class=\"wpcf7-response-output alert alert-warning\"><\/div>\n<input type=\"hidden\" name=\"trp-form-language\" value=\"fr\"\/><\/form>\n<\/div>\n<\/div><\/div><\/div><div class=\"wpb_column vc_column_container vc_col-sm-4\"><div class=\"vc_column-inner\"><div class=\"wpb_wrapper\"><h2 class=\"calluna-heading calluna-heading-single-line text-align-left\" ><span>Info<\/span><\/h2><div class=\"vc_empty_space\"   style=\"height: 16px\"><span class=\"vc_empty_space_inner\"><\/span><\/div><h4 class=\"calluna-heading calluna-heading-none text-align-left\" style=\"font-size: 20px;\"><span>Adresse<\/span><\/h4>\n\t<div class=\"wpb_text_column wpb_content_element\" >\n\t\t<div class=\"wpb_wrapper\">\n\t\t\t<p><span class=\"bold\">Maison de vacances Fristerhof<\/span><br \/>\nFristerweg 35<br \/>\n47533 Cl\u00e8ves-Keeken<br \/>\nAllemagne<\/p>\n\n\t\t<\/div>\n\t<\/div>\n<div class=\"vc_empty_space\"   style=\"height: 16px\"><span class=\"vc_empty_space_inner\"><\/span><\/div><h4 class=\"calluna-heading calluna-heading-none text-align-left\" style=\"font-size: 20px;\"><span>T\u00e9l\u00e9phone fixe<\/span><\/h4>\n\t<div class=\"wpb_text_column wpb_content_element\" >\n\t\t<div class=\"wpb_wrapper\">\n\t\t\t<p>+49 (0)2821 7869989<\/p>\n\n\t\t<\/div>\n\t<\/div>\n<div class=\"vc_empty_space\"   style=\"height: 16px\"><span class=\"vc_empty_space_inner\"><\/span><\/div><h4 class=\"calluna-heading calluna-heading-none text-align-left\" style=\"font-size: 20px;\"><span>E-mail<\/span><\/h4>\n\t<div class=\"wpb_text_column wpb_content_element\" >\n\t\t<div class=\"wpb_wrapper\">\n\t\t\t<p>info@fristerhof.com<\/p>\n\n\t\t<\/div>\n\t<\/div>\n<h4 class=\"calluna-heading calluna-heading-none text-align-left\" style=\"font-size: 20px;\"><span>Une information important<\/span><\/h4>\n\t<div class=\"wpb_text_column wpb_content_element\" >\n\t\t<div class=\"wpb_wrapper\">\n\t\t\t<ul>\n<li>Arriv\u00e9e 15h00 ; d\u00e9part 11h00<\/li>\n<li>Honoraires nets gratuits : 85,60 euros<\/li>\n<li>Packs de draps et serviettes inclus<\/li>\n<li>Utilisation de la machine \u00e0 laver 5 \u20ac par lavage<\/li>\n<li>Tous les prix sont hors taxes. Taxe de 5 % et caution de 100 \u20ac.<\/li>\n<li>Tous les prix incluent une TVA de 7%.<\/li>\n<li>Vous \u00eates toujours autoris\u00e9 \u00e0 exiger et \u00e0 jouir de votre plaisir.<\/li>\n<\/ul>\n\n\t\t<\/div>\n\t<\/div>\n<\/div><\/div><\/div><\/div><div class=\"vc_row-full-width vc_clearfix\"><\/div><div data-vc-full-width=\"true\" data-vc-full-width-init=\"false\" data-vc-stretch-content=\"true\" class=\"vc_row wpb_row vc_row-fluid vc_custom_1552920176396 vc_row-no-padding\"><div class=\"wpb_column vc_column_container vc_col-sm-12\"><div class=\"vc_column-inner\"><div class=\"wpb_wrapper\">\n\t<div class=\"wpb_raw_code wpb_raw_html wpb_content_element\" >\n\t\t<div class=\"wpb_wrapper\">\n\t\t\t<div class=\"overlay\" onclick=\"style.pointerEvents='none'\"><\/div>\n<iframe loading=\"lazy\" width=\"100%\" height=\"500\" scrolling=\"no\" frameborder=\"0\" marginheight=\"0\" marginwidth=\"0\" src=\"https:\/\/www.openstreetmap.org\/export\/embed.html?bbox=5.634613037109376,51.64657227968615,6.543731689453125,52.02461359406285&amp;layer=mapnik&amp;marker=51.83600345004485,6.088840249999976\"><\/iframe><br>\n\t\t<\/div>\n\t<\/div>\n<\/div><\/div><\/div><\/div><div class=\"vc_row-full-width vc_clearfix\"><\/div>\n<\/div>","protected":false},"excerpt":{"rendered":"Stel je vraag Nous vous souhaitons la bienvenue dans notre belle maison de vacances. Si vous avez des questions ou des demandes, veuillez remplir le formulaire ici ou nous appeler directement. Vous pouvez \u00e9galement effectuer une r\u00e9servation directement. Voor- en achternaam * E-mailadres * Uw bericht * Ik heb de algemene voorwaarden gelezen en ga [...]","protected":false},"author":4756,"featured_media":0,"parent":0,"menu_order":0,"comment_status":"closed","ping_status":"closed","template":"","meta":{"footnotes":""},"class_list":["post-3532","page","type-page","status-publish","hentry"],"yoast_head":"<!-- This site is optimized with the Yoast SEO plugin v26.8 - https:\/\/yoast.com\/product\/yoast-seo-wordpress\/ -->\n<title>Contact - Authentieke Boerderij Vakantiehuis Fristerhof bij Millingerwaard<\/title>\n<meta name=\"robots\" content=\"index, follow, max-snippet:-1, max-image-preview:large, max-video-preview:-1\" \/>\n<link rel=\"canonical\" href=\"https:\/\/fristerhof.com\/fr\/?page_id=3532\" \/>\n<meta property=\"og:locale\" content=\"fr_FR\" \/>\n<meta property=\"og:type\" content=\"article\" \/>\n<meta property=\"og:title\" content=\"Contact - Authentieke Boerderij Vakantiehuis Fristerhof bij Millingerwaard\" \/>\n<meta property=\"og:url\" content=\"https:\/\/fristerhof.com\/fr\/?page_id=3532\" \/>\n<meta property=\"og:site_name\" content=\"Authentieke Boerderij Vakantiehuis Fristerhof bij Millingerwaard\" \/>\n<meta property=\"article:publisher\" content=\"https:\/\/www.facebook.com\/BedBreakfastFristerhof\" \/>\n<meta property=\"article:modified_time\" content=\"2023-01-17T17:07:52+00:00\" \/>\n<meta name=\"twitter:card\" content=\"summary_large_image\" \/>\n<meta name=\"twitter:label1\" content=\"Dur\u00e9e de lecture estim\u00e9e\" \/>\n\t<meta name=\"twitter:data1\" content=\"2 minutes\" \/>\n<script type=\"application\/ld+json\" class=\"yoast-schema-graph\">{\"@context\":\"https:\/\/schema.org\",\"@graph\":[{\"@type\":\"WebPage\",\"@id\":\"https:\/\/fristerhof.com\/fr\/?page_id=3532\",\"url\":\"https:\/\/fristerhof.com\/fr\/?page_id=3532\",\"name\":\"Contact - Authentieke Boerderij Vakantiehuis Fristerhof bij Millingerwaard\",\"isPartOf\":{\"@id\":\"https:\/\/fristerhof.com\/#website\"},\"datePublished\":\"2017-01-23T14:09:25+00:00\",\"dateModified\":\"2023-01-17T17:07:52+00:00\",\"breadcrumb\":{\"@id\":\"https:\/\/fristerhof.com\/fr\/?page_id=3532#breadcrumb\"},\"inLanguage\":\"fr-FR\",\"potentialAction\":[{\"@type\":\"ReadAction\",\"target\":[\"https:\/\/fristerhof.com\/fr\/?page_id=3532\"]}]},{\"@type\":\"BreadcrumbList\",\"@id\":\"https:\/\/fristerhof.com\/fr\/?page_id=3532#breadcrumb\",\"itemListElement\":[{\"@type\":\"ListItem\",\"position\":1,\"name\":\"Home\",\"item\":\"https:\/\/fristerhof.com\/\"},{\"@type\":\"ListItem\",\"position\":2,\"name\":\"Contact\"}]},{\"@type\":\"WebSite\",\"@id\":\"https:\/\/fristerhof.com\/#website\",\"url\":\"https:\/\/fristerhof.com\/\",\"name\":\"Authentieke Boerderij Vakantiehuis Fristerhof bij Millingerwaard\",\"description\":\"Het Vakantiehuis Boerderij Fristerhof is vakantiewoning met bed-and-breakfast bij Millingerwaard in Keeken, Kleve, Gelderse Poort, Nijmegen.\",\"publisher\":{\"@id\":\"https:\/\/fristerhof.com\/#organization\"},\"potentialAction\":[{\"@type\":\"SearchAction\",\"target\":{\"@type\":\"EntryPoint\",\"urlTemplate\":\"https:\/\/fristerhof.com\/?s={search_term_string}\"},\"query-input\":{\"@type\":\"PropertyValueSpecification\",\"valueRequired\":true,\"valueName\":\"search_term_string\"}}],\"inLanguage\":\"fr-FR\"},{\"@type\":\"Organization\",\"@id\":\"https:\/\/fristerhof.com\/#organization\",\"name\":\"Vakantiehuis Fristerhof\",\"url\":\"https:\/\/fristerhof.com\/\",\"logo\":{\"@type\":\"ImageObject\",\"inLanguage\":\"fr-FR\",\"@id\":\"https:\/\/fristerhof.com\/#\/schema\/logo\/image\/\",\"url\":\"https:\/\/fristerhof.com\/wp-content\/uploads\/2017\/02\/Artboard-1@4x-1.png\",\"contentUrl\":\"https:\/\/fristerhof.com\/wp-content\/uploads\/2017\/02\/Artboard-1@4x-1.png\",\"width\":656,\"height\":656,\"caption\":\"Vakantiehuis Fristerhof\"},\"image\":{\"@id\":\"https:\/\/fristerhof.com\/#\/schema\/logo\/image\/\"},\"sameAs\":[\"https:\/\/www.facebook.com\/BedBreakfastFristerhof\",\"https:\/\/www.instagram.com\/fristerhof\/\"]}]}<\/script>\n<!-- \/ Yoast SEO plugin. -->","yoast_head_json":{"title":"Contact - Authentique ferme Fristerhof pr\u00e8s de Millingerwaard","robots":{"index":"index","follow":"follow","max-snippet":"max-snippet:-1","max-image-preview":"max-image-preview:large","max-video-preview":"max-video-preview:-1"},"canonical":"https:\/\/fristerhof.com\/fr\/?page_id=3532","og_locale":"fr_FR","og_type":"article","og_title":"Contact - Authentieke Boerderij Vakantiehuis Fristerhof bij Millingerwaard","og_url":"https:\/\/fristerhof.com\/fr\/?page_id=3532","og_site_name":"Authentieke Boerderij Vakantiehuis Fristerhof bij Millingerwaard","article_publisher":"https:\/\/www.facebook.com\/BedBreakfastFristerhof","article_modified_time":"2023-01-17T17:07:52+00:00","twitter_card":"summary_large_image","twitter_misc":{"Dur\u00e9e de lecture estim\u00e9e":"2 minutes"},"schema":{"@context":"https:\/\/schema.org","@graph":[{"@type":"WebPage","@id":"https:\/\/fristerhof.com\/fr\/?page_id=3532","url":"https:\/\/fristerhof.com\/fr\/?page_id=3532","name":"Contact - Authentique ferme Fristerhof pr\u00e8s de Millingerwaard","isPartOf":{"@id":"https:\/\/fristerhof.com\/#website"},"datePublished":"2017-01-23T14:09:25+00:00","dateModified":"2023-01-17T17:07:52+00:00","breadcrumb":{"@id":"https:\/\/fristerhof.com\/fr\/?page_id=3532#breadcrumb"},"inLanguage":"fr-FR","potentialAction":[{"@type":"ReadAction","target":["https:\/\/fristerhof.com\/fr\/?page_id=3532"]}]},{"@type":"BreadcrumbList","@id":"https:\/\/fristerhof.com\/fr\/?page_id=3532#breadcrumb","itemListElement":[{"@type":"ListItem","position":1,"name":"Home","item":"https:\/\/fristerhof.com\/"},{"@type":"ListItem","position":2,"name":"Contact"}]},{"@type":"WebSite","@id":"https:\/\/fristerhof.com\/#website","url":"https:\/\/fristerhof.com\/","name":"Authentique maison de vacances \u00e0 la ferme Fristerhof pr\u00e8s de Millingerwaard","description":"Le Holiday Home Farm Fristerhof est une maison de vacances avec chambres d&#039;h\u00f4tes pr\u00e8s de Millingerwaard \u00e0 Keeken, Cl\u00e8ves, Gelderse Poort, Nim\u00e8gue.","publisher":{"@id":"https:\/\/fristerhof.com\/#organization"},"potentialAction":[{"@type":"SearchAction","target":{"@type":"EntryPoint","urlTemplate":"https:\/\/fristerhof.com\/?s={search_term_string}"},"query-input":{"@type":"PropertyValueSpecification","valueRequired":true,"valueName":"search_term_string"}}],"inLanguage":"fr-FR"},{"@type":"Organization","@id":"https:\/\/fristerhof.com\/#organization","name":"Maison de vacances Fristerhof","url":"https:\/\/fristerhof.com\/","logo":{"@type":"ImageObject","inLanguage":"fr-FR","@id":"https:\/\/fristerhof.com\/#\/schema\/logo\/image\/","url":"https:\/\/fristerhof.com\/wp-content\/uploads\/2017\/02\/Artboard-1@4x-1.png","contentUrl":"https:\/\/fristerhof.com\/wp-content\/uploads\/2017\/02\/Artboard-1@4x-1.png","width":656,"height":656,"caption":"Vakantiehuis Fristerhof"},"image":{"@id":"https:\/\/fristerhof.com\/#\/schema\/logo\/image\/"},"sameAs":["https:\/\/www.facebook.com\/BedBreakfastFristerhof","https:\/\/www.instagram.com\/fristerhof\/"]}]}},"_links":{"self":[{"href":"https:\/\/fristerhof.com\/fr\/wp-json\/wp\/v2\/pages\/3532","targetHints":{"allow":["GET"]}}],"collection":[{"href":"https:\/\/fristerhof.com\/fr\/wp-json\/wp\/v2\/pages"}],"about":[{"href":"https:\/\/fristerhof.com\/fr\/wp-json\/wp\/v2\/types\/page"}],"author":[{"embeddable":true,"href":"https:\/\/fristerhof.com\/fr\/wp-json\/wp\/v2\/users\/4756"}],"replies":[{"embeddable":true,"href":"https:\/\/fristerhof.com\/fr\/wp-json\/wp\/v2\/comments?post=3532"}],"version-history":[{"count":3,"href":"https:\/\/fristerhof.com\/fr\/wp-json\/wp\/v2\/pages\/3532\/revisions"}],"predecessor-version":[{"id":3549,"href":"https:\/\/fristerhof.com\/fr\/wp-json\/wp\/v2\/pages\/3532\/revisions\/3549"}],"wp:attachment":[{"href":"https:\/\/fristerhof.com\/fr\/wp-json\/wp\/v2\/media?parent=3532"}],"curies":[{"name":"wp","href":"https:\/\/api.w.org\/{rel}","templated":true}]}}