{"id":7,"date":"2015-08-18T11:50:31","date_gmt":"2015-08-18T09:50:31","guid":{"rendered":"http:\/\/ttdemo.wpengine.com\/calluna\/?page_id=7"},"modified":"2022-12-13T12:58:55","modified_gmt":"2022-12-13T11:58:55","slug":"vakantiehuis-fristerhof-millingerwaard","status":"publish","type":"page","link":"https:\/\/fristerhof.com\/fr\/","title":{"rendered":"Domicile"},"content":{"rendered":"<div class=\"wpb-content-wrapper\"><div id=\"firstItem\" data-vc-full-width=\"true\" data-vc-full-width-init=\"false\" data-vc-stretch-content=\"true\" class=\"vc_row wpb_row vc_row-fluid vc_custom_1497354498702 vc_row-has-fill vc_row-no-padding vc_row-o-content-middle vc_row-flex\"><div class=\"wpb_column vc_column_container vc_col-sm-12\"><div class=\"vc_column-inner vc_custom_1485349326493\"><div class=\"wpb_wrapper\"><h2 class=\"calluna-heading calluna-heading-none text-align-left\" ><span>D\u00e9couvrez Fristerhof<\/span><\/h2>\n\t<div class=\"wpb_text_column wpb_content_element\" >\n\t\t<div class=\"wpb_wrapper\">\n\t\t\t<p>Lors de votre visite au Fristerhof, vous vous retrouverez dans une atmosph\u00e8re authentique et rurale. Trouvez votre repos m\u00e9rit\u00e9 dans la belle nature du Millingerwaard.<\/p>\n<p>Qui peut vous proposer un g\u00eete de groupe de 3 \u00e0 14 personnes. Tout le monde est le bienvenu!<\/p>\n<p>Pour plus d&#039;informations ou souhaits, n&#039;h\u00e9sitez pas \u00e0 nous contacter <a href=\"\/?page_id=2483\">prendre contact<\/a>. Vous pouvez aussi directement <a href=\"https:\/\/fristerhof.com\/boeken\/\">faire une r\u00e9servation<\/a>.<br \/>\nSouhaitez-vous en savoir plus sur la ferme de vacances?\u00a0<a href=\"\/?page_id=2477\">Lire plus\u2026<\/a><\/p>\n\n\t\t<\/div>\n\t<\/div>\n<\/div><\/div><\/div><\/div><div class=\"vc_row-full-width vc_clearfix\"><\/div><div data-vc-full-width=\"true\" data-vc-full-width-init=\"false\" data-vc-stretch-content=\"true\" class=\"vc_row wpb_row vc_row-fluid vc_custom_1488113292591 vc_row-has-fill vc_row-no-padding\"><div class=\"wpb_column vc_column_container vc_col-sm-6\"><div class=\"vc_column-inner vc_custom_1485349326493\"><div class=\"wpb_wrapper\">\n\t<div class=\"wpb_text_column wpb_content_element wpb_animate_when_almost_visible wpb_top-to-bottom top-to-bottom\" >\n\t\t<div class=\"wpb_wrapper\">\n\t\t\t<h2 style=\"color: #ffffff;\">Sentiment de vacances<\/h2>\n<p style=\"color: #ffffff;\">En s\u00e9journant au Fristerhof, vous vivrez une exp\u00e9rience de vacances unique.<br \/>\nLa maison de vacances est tr\u00e8s adapt\u00e9e aux enfants et id\u00e9ale pour des vacances en famille. Nous vous offrons beaucoup d&#039;espace, une grande terrasse et un jardin avec d&#039;innombrables possibilit\u00e9s de jeux pour petits et grands. La confidentialit\u00e9 de nos clients est tr\u00e8s importante pour nous. Le logement et le jardin sont donc privatifs et uniquement \u00e0 votre disposition.<br \/>\nVous voulez en savoir plus sur la r\u00e9gion ?<br \/>\n<a title=\"Alentours du Fristerhof\" href=\"\/?page_id=2479\">Lire plus\u2026<\/a><\/p>\n\n\t\t<\/div>\n\t<\/div>\n<\/div><\/div><\/div>\t\t<div class=\"wpb_column vc_column_container vc_col-sm-6\"><div class=\"vc_column-inner\"><div class=\"wpb_wrapper\">        <div class=\"image-gallery\">\n                <div id=\"69e8d9c4e53aa-carousel\" class=\"carousel slide\" data-ride=\"carousel\">\n                \t                                        \t<div class=\"carousel-inner\">\n\t\t\t\t\t\t\t\t\t\t\t\t\t\t\t\t\t                                    <div class=\"item active\">\n\t\t\t\t\t\t\t\t\t\t\t\t\t\t\t\t\t\t\t\t\t<!-- Image -->\n\t\t\t\t\t\t\t\t\t\t\t<img loading=\"lazy\" decoding=\"async\" width=\"2000\" height=\"1500\" src=\"https:\/\/fristerhof.com\/wp-content\/uploads\/2017\/01\/P1680348.jpg\" class=\"attachment-full size-full\" alt=\"\" srcset=\"https:\/\/fristerhof.com\/wp-content\/uploads\/2017\/01\/P1680348.jpg 2000w, https:\/\/fristerhof.com\/wp-content\/uploads\/2017\/01\/P1680348-300x225.jpg 300w, https:\/\/fristerhof.com\/wp-content\/uploads\/2017\/01\/P1680348-768x576.jpg 768w, https:\/\/fristerhof.com\/wp-content\/uploads\/2017\/01\/P1680348-1024x768.jpg 1024w\" sizes=\"auto, (max-width: 2000px) 100vw, 2000px\" \/>\t\t\t\t\t\t\t\t\t\t\t\t\t\t\t\t\t\t\t\t\t\t\t\t\t\t\t\t\t\t                                    <\/div>\n                                    \n\t\t\t\t\t\t\t\t\t\t\t\t\t\t\t\t\t                                    <div class=\"item\">\n\t\t\t\t\t\t\t\t\t\t\t\t\t\t\t\t\t\t\t\t\t<!-- Image -->\n\t\t\t\t\t\t\t\t\t\t\t<img loading=\"lazy\" decoding=\"async\" width=\"1600\" height=\"1200\" src=\"https:\/\/fristerhof.com\/wp-content\/uploads\/2017\/01\/Picture-012.jpg\" class=\"attachment-full size-full\" alt=\"\" srcset=\"https:\/\/fristerhof.com\/wp-content\/uploads\/2017\/01\/Picture-012.jpg 1600w, https:\/\/fristerhof.com\/wp-content\/uploads\/2017\/01\/Picture-012-300x225.jpg 300w, https:\/\/fristerhof.com\/wp-content\/uploads\/2017\/01\/Picture-012-768x576.jpg 768w, https:\/\/fristerhof.com\/wp-content\/uploads\/2017\/01\/Picture-012-1024x768.jpg 1024w\" sizes=\"auto, (max-width: 1600px) 100vw, 1600px\" \/>\t\t\t\t\t\t\t\t\t\t\t\t\t\t\t\t\t\t\t\t\t\t\t\t\t\t\t\t\t\t                                    <\/div>\n                                    \n\t\t\t\t\t\t\t\t\t\t\t\t\t\t\t\t\t                                    <div class=\"item\">\n\t\t\t\t\t\t\t\t\t\t\t\t\t\t\t\t\t\t\t\t\t<!-- Image -->\n\t\t\t\t\t\t\t\t\t\t\t<img loading=\"lazy\" decoding=\"async\" width=\"2000\" height=\"1500\" src=\"https:\/\/fristerhof.com\/wp-content\/uploads\/2017\/01\/P1680539.jpg\" class=\"attachment-full size-full\" alt=\"\" srcset=\"https:\/\/fristerhof.com\/wp-content\/uploads\/2017\/01\/P1680539.jpg 2000w, https:\/\/fristerhof.com\/wp-content\/uploads\/2017\/01\/P1680539-300x225.jpg 300w, https:\/\/fristerhof.com\/wp-content\/uploads\/2017\/01\/P1680539-768x576.jpg 768w, https:\/\/fristerhof.com\/wp-content\/uploads\/2017\/01\/P1680539-1024x768.jpg 1024w\" sizes=\"auto, (max-width: 2000px) 100vw, 2000px\" \/>\t\t\t\t\t\t\t\t\t\t\t\t\t\t\t\t\t\t\t\t\t\t\t\t\t\t\t\t\t\t                                    <\/div>\n                                    \n\t\t\t\t\t\t\t\t\t\t\t\t\t\t\t\t\t                                    <div class=\"item\">\n\t\t\t\t\t\t\t\t\t\t\t\t\t\t\t\t\t\t\t\t\t<!-- Image -->\n\t\t\t\t\t\t\t\t\t\t\t<img loading=\"lazy\" decoding=\"async\" width=\"2000\" height=\"1500\" src=\"https:\/\/fristerhof.com\/wp-content\/uploads\/2017\/01\/P1680421.jpg\" class=\"attachment-full size-full\" alt=\"\" srcset=\"https:\/\/fristerhof.com\/wp-content\/uploads\/2017\/01\/P1680421.jpg 2000w, https:\/\/fristerhof.com\/wp-content\/uploads\/2017\/01\/P1680421-300x225.jpg 300w, https:\/\/fristerhof.com\/wp-content\/uploads\/2017\/01\/P1680421-768x576.jpg 768w, https:\/\/fristerhof.com\/wp-content\/uploads\/2017\/01\/P1680421-1024x768.jpg 1024w\" sizes=\"auto, (max-width: 2000px) 100vw, 2000px\" \/>\t\t\t\t\t\t\t\t\t\t\t\t\t\t\t\t\t\t\t\t\t\t\t\t\t\t\t\t\t\t                                    <\/div>\n                                    \n\t\t\t\t\t\t\t\t\t\t\t\t\t\t\t\t                         <\/div>\n                         <div class=\"gallery_button_wrapper\">\n                        <a class=\"left carousel-control\" href=\"#69e8d9c4e53aa-carousel\" data-slide=\"prev\">\n                        <span class=\"icon-left\"><\/span>\n                    <\/a>\n                    <\/div>\n                    <div class=\"gallery_button_wrapper\">\n                        <a class=\"right carousel-control\" href=\"#69e8d9c4e53aa-carousel\" data-slide=\"next\">\n                        <span class=\"icon-right\"><\/span>\n                    <\/a>\n                    <\/div>\n\t\t\t\t\t\t                    \n               <\/div>\n\t  \t\t  <\/div>\n\t\t\n\t\t<\/div><\/div><\/div><\/div><div class=\"vc_row-full-width vc_clearfix\"><\/div><div data-vc-full-width=\"true\" data-vc-full-width-init=\"false\" class=\"vc_row wpb_row vc_row-fluid vc_custom_1442754615648\"><div class=\"wpb_column vc_column_container vc_col-sm-6\"><div class=\"vc_column-inner\"><div class=\"wpb_wrapper\"><h2 class=\"calluna-heading calluna-heading-single-line text-align-left\" ><span>Nos possibilit\u00e9s<\/span><\/h2>\n\t<div class=\"wpb_text_column wpb_content_element\" >\n\t\t<div class=\"wpb_wrapper\">\n\t\t\t<p>Chez Fristerhof, nous livrons un travail sur mesure. Ne sois pas timide <a title=\"Contact\" href=\"\/?page_id=2483\">contacter<\/a> pour vos questions et souhaits. Nous examinerons les possibilit\u00e9s avec vous, afin que vous ne manquiez de rien pendant votre s\u00e9jour. Vous pouvez aussi directement <a href=\"https:\/\/fristerhof.com\/boeken\/\">lieu de r\u00e9servation<\/a>.<br \/>\nEn savoir plus sur nos tarifs et promotions sur le <a title=\"Tarifs Fristerhof\" href=\"\/?page_id=2481\">la page des tarifs.<\/a><\/p>\n\n\t\t<\/div>\n\t<\/div>\n<\/div><\/div><\/div><div class=\"wpb_column vc_column_container vc_col-sm-6\"><div class=\"vc_column-inner\"><div class=\"wpb_wrapper\"><h2 class=\"calluna-heading calluna-heading-single-line text-align-left\" ><span>Installations<\/span><\/h2>\n\t<div class=\"wpb_text_column wpb_content_element\" >\n\t\t<div class=\"wpb_wrapper\">\n\t\t\t<p>Vous ne vous ennuierez pas un instant pendant votre s\u00e9jour au Vakantieboerderij Fristerhof.<\/p>\n<ul>\n<li>Faites une belle promenade aventureuse dans le Millingerwaard.<\/li>\n<li>Visitez le confortable Kleve ou Nim\u00e8gue (tous deux \u00e0 une distance raisonnable).<\/li>\n<li>Besoin d&#039;une journ\u00e9e pleine de plaisir? Ensuite, visitez Kernwasser Wunderland ou le zoo.<\/li>\n<\/ul>\n<p>Vous ne voulez vous soucier de rien pendant vos vacances. C&#039;est pourquoi nous vous proposons :<\/p>\n<ul>\n<li>Service pain<\/li>\n<li>Petit-d\u00e9jeuner et d\u00e9jeuner<\/li>\n<li>Machine a laver<\/li>\n<li>Ensemble barbecue<\/li>\n<li>Assistance \u00e0 la location de v\u00e9los<\/li>\n<li>Itin\u00e9raires p\u00e9destres et cyclables<\/li>\n<\/ul>\n\n\t\t<\/div>\n\t<\/div>\n<\/div><\/div><\/div><\/div><div class=\"vc_row-full-width vc_clearfix\"><\/div>\n<\/div>","protected":false},"excerpt":{"rendered":"","protected":false},"author":4756,"featured_media":0,"parent":0,"menu_order":0,"comment_status":"open","ping_status":"closed","template":"","meta":{"footnotes":""},"class_list":["post-7","page","type-page","status-publish","hentry"],"yoast_head":"<!-- This site is optimized with the Yoast SEO plugin v26.8 - https:\/\/yoast.com\/product\/yoast-seo-wordpress\/ -->\n<title>Vakantiehuis Fristerhof Millingerwaard. Authentieke vakantieboerderij.<\/title>\n<meta name=\"description\" content=\"Vakantiehuis Fristerhof Millingerwaard. Authentieke vakantieboerderij met een landelijke sfeer. Kijk snel voor meer informatie en de mogelijkheden.\" \/>\n<meta name=\"robots\" content=\"index, follow, max-snippet:-1, max-image-preview:large, max-video-preview:-1\" \/>\n<link rel=\"canonical\" href=\"https:\/\/fristerhof.com\/fr\/\" \/>\n<meta property=\"og:locale\" content=\"fr_FR\" \/>\n<meta property=\"og:type\" content=\"article\" \/>\n<meta property=\"og:title\" content=\"Vakantiehuis Fristerhof Millingerwaard. Authentieke vakantieboerderij.\" \/>\n<meta property=\"og:description\" content=\"Vakantiehuis Fristerhof Millingerwaard. Authentieke vakantieboerderij met een landelijke sfeer. Kijk snel voor meer informatie en de mogelijkheden.\" \/>\n<meta property=\"og:url\" content=\"https:\/\/fristerhof.com\/fr\/\" \/>\n<meta property=\"og:site_name\" content=\"Authentieke Boerderij Vakantiehuis Fristerhof bij Millingerwaard\" \/>\n<meta property=\"article:publisher\" content=\"https:\/\/www.facebook.com\/BedBreakfastFristerhof\" \/>\n<meta property=\"article:modified_time\" content=\"2022-12-13T11:58:55+00:00\" \/>\n<meta name=\"twitter:card\" content=\"summary_large_image\" \/>\n<meta name=\"twitter:label1\" content=\"Dur\u00e9e de lecture estim\u00e9e\" \/>\n\t<meta name=\"twitter:data1\" content=\"3 minutes\" \/>\n<script type=\"application\/ld+json\" class=\"yoast-schema-graph\">{\"@context\":\"https:\/\/schema.org\",\"@graph\":[{\"@type\":\"WebPage\",\"@id\":\"https:\/\/fristerhof.com\/\",\"url\":\"https:\/\/fristerhof.com\/\",\"name\":\"Vakantiehuis Fristerhof Millingerwaard. Authentieke vakantieboerderij.\",\"isPartOf\":{\"@id\":\"https:\/\/fristerhof.com\/#website\"},\"datePublished\":\"2015-08-18T09:50:31+00:00\",\"dateModified\":\"2022-12-13T11:58:55+00:00\",\"description\":\"Vakantiehuis Fristerhof Millingerwaard. Authentieke vakantieboerderij met een landelijke sfeer. Kijk snel voor meer informatie en de mogelijkheden.\",\"breadcrumb\":{\"@id\":\"https:\/\/fristerhof.com\/#breadcrumb\"},\"inLanguage\":\"fr-FR\",\"potentialAction\":[{\"@type\":\"ReadAction\",\"target\":[\"https:\/\/fristerhof.com\/\"]}]},{\"@type\":\"BreadcrumbList\",\"@id\":\"https:\/\/fristerhof.com\/#breadcrumb\",\"itemListElement\":[{\"@type\":\"ListItem\",\"position\":1,\"name\":\"Home\",\"item\":\"https:\/\/fristerhof.com\/\"},{\"@type\":\"ListItem\",\"position\":2,\"name\":\"Home\"}]},{\"@type\":\"WebSite\",\"@id\":\"https:\/\/fristerhof.com\/#website\",\"url\":\"https:\/\/fristerhof.com\/\",\"name\":\"Authentieke Boerderij Vakantiehuis Fristerhof bij Millingerwaard\",\"description\":\"Het Vakantiehuis Boerderij Fristerhof is vakantiewoning met bed-and-breakfast bij Millingerwaard in Keeken, Kleve, Gelderse Poort, Nijmegen.\",\"publisher\":{\"@id\":\"https:\/\/fristerhof.com\/#organization\"},\"potentialAction\":[{\"@type\":\"SearchAction\",\"target\":{\"@type\":\"EntryPoint\",\"urlTemplate\":\"https:\/\/fristerhof.com\/?s={search_term_string}\"},\"query-input\":{\"@type\":\"PropertyValueSpecification\",\"valueRequired\":true,\"valueName\":\"search_term_string\"}}],\"inLanguage\":\"fr-FR\"},{\"@type\":\"Organization\",\"@id\":\"https:\/\/fristerhof.com\/#organization\",\"name\":\"Vakantiehuis Fristerhof\",\"url\":\"https:\/\/fristerhof.com\/\",\"logo\":{\"@type\":\"ImageObject\",\"inLanguage\":\"fr-FR\",\"@id\":\"https:\/\/fristerhof.com\/#\/schema\/logo\/image\/\",\"url\":\"https:\/\/fristerhof.com\/wp-content\/uploads\/2017\/02\/Artboard-1@4x-1.png\",\"contentUrl\":\"https:\/\/fristerhof.com\/wp-content\/uploads\/2017\/02\/Artboard-1@4x-1.png\",\"width\":656,\"height\":656,\"caption\":\"Vakantiehuis Fristerhof\"},\"image\":{\"@id\":\"https:\/\/fristerhof.com\/#\/schema\/logo\/image\/\"},\"sameAs\":[\"https:\/\/www.facebook.com\/BedBreakfastFristerhof\",\"https:\/\/www.instagram.com\/fristerhof\/\"]}]}<\/script>\n<!-- \/ Yoast SEO plugin. -->","yoast_head_json":{"title":"Maison de vacances Fristerhof Millingerwaard. Ferme authentique.","description":"Maison de vacances Fristerhof Millingerwaard. Ferme authentique \u00e0 l&#039;atmosph\u00e8re rurale. Plus d&#039;informations et d&#039;options.","robots":{"index":"index","follow":"follow","max-snippet":"max-snippet:-1","max-image-preview":"max-image-preview:large","max-video-preview":"max-video-preview:-1"},"canonical":"https:\/\/fristerhof.com\/fr\/","og_locale":"fr_FR","og_type":"article","og_title":"Vakantiehuis Fristerhof Millingerwaard. Authentieke vakantieboerderij.","og_description":"Vakantiehuis Fristerhof Millingerwaard. Authentieke vakantieboerderij met een landelijke sfeer. Kijk snel voor meer informatie en de mogelijkheden.","og_url":"https:\/\/fristerhof.com\/fr\/","og_site_name":"Authentieke Boerderij Vakantiehuis Fristerhof bij Millingerwaard","article_publisher":"https:\/\/www.facebook.com\/BedBreakfastFristerhof","article_modified_time":"2022-12-13T11:58:55+00:00","twitter_card":"summary_large_image","twitter_misc":{"Dur\u00e9e de lecture estim\u00e9e":"3 minutes"},"schema":{"@context":"https:\/\/schema.org","@graph":[{"@type":"WebPage","@id":"https:\/\/fristerhof.com\/","url":"https:\/\/fristerhof.com\/","name":"Maison de vacances Fristerhof Millingerwaard. Ferme authentique.","isPartOf":{"@id":"https:\/\/fristerhof.com\/#website"},"datePublished":"2015-08-18T09:50:31+00:00","dateModified":"2022-12-13T11:58:55+00:00","description":"Maison de vacances Fristerhof Millingerwaard. Ferme authentique \u00e0 l&#039;atmosph\u00e8re rurale. Plus d&#039;informations et d&#039;options.","breadcrumb":{"@id":"https:\/\/fristerhof.com\/#breadcrumb"},"inLanguage":"fr-FR","potentialAction":[{"@type":"ReadAction","target":["https:\/\/fristerhof.com\/"]}]},{"@type":"BreadcrumbList","@id":"https:\/\/fristerhof.com\/#breadcrumb","itemListElement":[{"@type":"ListItem","position":1,"name":"Home","item":"https:\/\/fristerhof.com\/"},{"@type":"ListItem","position":2,"name":"Home"}]},{"@type":"WebSite","@id":"https:\/\/fristerhof.com\/#website","url":"https:\/\/fristerhof.com\/","name":"Authentique maison de vacances \u00e0 la ferme Fristerhof pr\u00e8s de Millingerwaard","description":"Le Holiday Home Farm Fristerhof est une maison de vacances avec chambres d&#039;h\u00f4tes pr\u00e8s de Millingerwaard \u00e0 Keeken, Cl\u00e8ves, Gelderse Poort, Nim\u00e8gue.","publisher":{"@id":"https:\/\/fristerhof.com\/#organization"},"potentialAction":[{"@type":"SearchAction","target":{"@type":"EntryPoint","urlTemplate":"https:\/\/fristerhof.com\/?s={search_term_string}"},"query-input":{"@type":"PropertyValueSpecification","valueRequired":true,"valueName":"search_term_string"}}],"inLanguage":"fr-FR"},{"@type":"Organization","@id":"https:\/\/fristerhof.com\/#organization","name":"Maison de vacances Fristerhof","url":"https:\/\/fristerhof.com\/","logo":{"@type":"ImageObject","inLanguage":"fr-FR","@id":"https:\/\/fristerhof.com\/#\/schema\/logo\/image\/","url":"https:\/\/fristerhof.com\/wp-content\/uploads\/2017\/02\/Artboard-1@4x-1.png","contentUrl":"https:\/\/fristerhof.com\/wp-content\/uploads\/2017\/02\/Artboard-1@4x-1.png","width":656,"height":656,"caption":"Vakantiehuis Fristerhof"},"image":{"@id":"https:\/\/fristerhof.com\/#\/schema\/logo\/image\/"},"sameAs":["https:\/\/www.facebook.com\/BedBreakfastFristerhof","https:\/\/www.instagram.com\/fristerhof\/"]}]}},"_links":{"self":[{"href":"https:\/\/fristerhof.com\/fr\/wp-json\/wp\/v2\/pages\/7","targetHints":{"allow":["GET"]}}],"collection":[{"href":"https:\/\/fristerhof.com\/fr\/wp-json\/wp\/v2\/pages"}],"about":[{"href":"https:\/\/fristerhof.com\/fr\/wp-json\/wp\/v2\/types\/page"}],"author":[{"embeddable":true,"href":"https:\/\/fristerhof.com\/fr\/wp-json\/wp\/v2\/users\/4756"}],"replies":[{"embeddable":true,"href":"https:\/\/fristerhof.com\/fr\/wp-json\/wp\/v2\/comments?post=7"}],"version-history":[{"count":53,"href":"https:\/\/fristerhof.com\/fr\/wp-json\/wp\/v2\/pages\/7\/revisions"}],"predecessor-version":[{"id":3520,"href":"https:\/\/fristerhof.com\/fr\/wp-json\/wp\/v2\/pages\/7\/revisions\/3520"}],"wp:attachment":[{"href":"https:\/\/fristerhof.com\/fr\/wp-json\/wp\/v2\/media?parent=7"}],"curies":[{"name":"wp","href":"https:\/\/api.w.org\/{rel}","templated":true}]}}